{"id":9713,"date":"2023-12-02T08:37:36","date_gmt":"2023-12-02T07:37:36","guid":{"rendered":"https:\/\/integratel.ma\/?post_type=product&#038;p=9713"},"modified":"2023-12-02T08:42:55","modified_gmt":"2023-12-02T07:42:55","slug":"objectif-canon-rf-50mm-f1-8-stm","status":"publish","type":"product","link":"https:\/\/integratel.ma\/index.php\/product\/objectif-canon-rf-50mm-f1-8-stm\/","title":{"rendered":"OBJECTIF CANON RF 50MM F1.8 STM"},"content":{"rendered":"","protected":false},"excerpt":{"rendered":"<p><img decoding=\"async\" class=\"alignnone size-medium wp-image-6842\" src=\"https:\/\/integratel.ma\/wp-content\/uploads\/2023\/05\/45-2-e1684937188903-300x77.png\" alt=\"\" width=\"300\" height=\"77\" srcset=\"https:\/\/integratel.ma\/wp-content\/uploads\/2023\/05\/45-2-e1684937188903-300x77.png 300w, https:\/\/integratel.ma\/wp-content\/uploads\/2023\/05\/45-2-e1684937188903-60x15.png 60w, https:\/\/integratel.ma\/wp-content\/uploads\/2023\/05\/45-2-e1684937188903-110x28.png 110w, https:\/\/integratel.ma\/wp-content\/uploads\/2023\/05\/45-2-e1684937188903-90x23.png 90w, https:\/\/integratel.ma\/wp-content\/uploads\/2023\/05\/45-2-e1684937188903-64x16.png 64w, https:\/\/integratel.ma\/wp-content\/uploads\/2023\/05\/45-2-e1684937188903.png 366w\" sizes=\"(max-width: 300px) 100vw, 300px\" \/><\/p>\n<p>Exprimez votre cr\u00e9ativit\u00e9 avec l&rsquo;objectif\u00a0Canon\u00a0RF 50mm F1.8 STM ! Cet objectif \u00e0 focale fixe rapide, silencieux et abordable offre des performances exceptionnelles en basse lumi\u00e8re, pour les portraits et les voyages. Gr\u00e2ce au moteur STM, \u00e0 la monture RF et au traitement Super Spectra, capturez des images de qualit\u00e9 professionnelle. Parfait pour les amateurs, il est compatible avec les appareils EOS R, EOS RP, EOS Ra, EOS R5 et EOS R6. D\u00e9veloppez votre passion pour la photographie avec cet objectif polyvalent et puissant !<\/p>\n","protected":false},"featured_media":9719,"comment_status":"open","ping_status":"closed","template":"","meta":[],"product_cat":[359],"product_tag":[],"class_list":{"0":"post-9713","1":"product","2":"type-product","3":"status-publish","4":"has-post-thumbnail","6":"product_cat-photo-video","8":"first","9":"instock","10":"sale","11":"taxable","12":"shipping-taxable","13":"purchasable","14":"product-type-simple"},"_links":{"self":[{"href":"https:\/\/integratel.ma\/index.php\/wp-json\/wp\/v2\/product\/9713"}],"collection":[{"href":"https:\/\/integratel.ma\/index.php\/wp-json\/wp\/v2\/product"}],"about":[{"href":"https:\/\/integratel.ma\/index.php\/wp-json\/wp\/v2\/types\/product"}],"replies":[{"embeddable":true,"href":"https:\/\/integratel.ma\/index.php\/wp-json\/wp\/v2\/comments?post=9713"}],"wp:featuredmedia":[{"embeddable":true,"href":"https:\/\/integratel.ma\/index.php\/wp-json\/wp\/v2\/media\/9719"}],"wp:attachment":[{"href":"https:\/\/integratel.ma\/index.php\/wp-json\/wp\/v2\/media?parent=9713"}],"wp:term":[{"taxonomy":"product_cat","embeddable":true,"href":"https:\/\/integratel.ma\/index.php\/wp-json\/wp\/v2\/product_cat?post=9713"},{"taxonomy":"product_tag","embeddable":true,"href":"https:\/\/integratel.ma\/index.php\/wp-json\/wp\/v2\/product_tag?post=9713"}],"curies":[{"name":"wp","href":"https:\/\/api.w.org\/{rel}","templated":true}]}}