{"id":9657,"date":"2023-11-27T13:03:14","date_gmt":"2023-11-27T12:03:14","guid":{"rendered":"https:\/\/integratel.ma\/?post_type=product&#038;p=9657"},"modified":"2023-11-27T13:09:49","modified_gmt":"2023-11-27T12:09:49","slug":"ecouteurs-sans-fil-samsung-galaxy-buds-2","status":"publish","type":"product","link":"https:\/\/integratel.ma\/index.php\/product\/ecouteurs-sans-fil-samsung-galaxy-buds-2\/","title":{"rendered":"\u00c9COUTEURS SANS FIL SAMSUNG GALAXY BUDS 2"},"content":{"rendered":"","protected":false},"excerpt":{"rendered":"<p><img decoding=\"async\" class=\"alignnone size-full wp-image-6633\" src=\"https:\/\/integratel.ma\/wp-content\/uploads\/2023\/05\/samsung-e1684768323292.jpeg\" alt=\"\" width=\"173\" height=\"35\" srcset=\"https:\/\/integratel.ma\/wp-content\/uploads\/2023\/05\/samsung-e1684768323292.jpeg 173w, https:\/\/integratel.ma\/wp-content\/uploads\/2023\/05\/samsung-e1684768323292-60x12.jpeg 60w, https:\/\/integratel.ma\/wp-content\/uploads\/2023\/05\/samsung-e1684768323292-110x22.jpeg 110w, https:\/\/integratel.ma\/wp-content\/uploads\/2023\/05\/samsung-e1684768323292-90x18.jpeg 90w, https:\/\/integratel.ma\/wp-content\/uploads\/2023\/05\/samsung-e1684768323292-64x13.jpeg 64w\" sizes=\"(max-width: 173px) 100vw, 173px\" \/><\/p>\n<p>D\u00e9couvrez les \u00c9couteurs sans fil\u00a0Samsung\u00a0Galaxy Buds 2, offrant un son parfaitement \u00e9quilibr\u00e9 et une r\u00e9duction active du bruit (ANC). Profitez d&rsquo;une autonomie de batterie longue dur\u00e9e et d&rsquo;un confort optimal gr\u00e2ce \u00e0 leur adaptation parfaite. Plongez dans une exp\u00e9rience audio immersive, sans interruptions g\u00eanantes. Id\u00e9als pour les m\u00e9lomanes et les nomades urbains, ces \u00e9couteurs combinent performance et commodit\u00e9 pour un plaisir d&rsquo;\u00e9coute in\u00e9gal\u00e9.<\/p>\n","protected":false},"featured_media":9658,"comment_status":"open","ping_status":"closed","template":"","meta":[],"product_cat":[321],"product_tag":[],"class_list":{"0":"post-9657","1":"product","2":"type-product","3":"status-publish","4":"has-post-thumbnail","6":"product_cat-casque-ecouteurs","8":"first","9":"instock","10":"sale","11":"taxable","12":"shipping-taxable","13":"purchasable","14":"product-type-simple"},"_links":{"self":[{"href":"https:\/\/integratel.ma\/index.php\/wp-json\/wp\/v2\/product\/9657"}],"collection":[{"href":"https:\/\/integratel.ma\/index.php\/wp-json\/wp\/v2\/product"}],"about":[{"href":"https:\/\/integratel.ma\/index.php\/wp-json\/wp\/v2\/types\/product"}],"replies":[{"embeddable":true,"href":"https:\/\/integratel.ma\/index.php\/wp-json\/wp\/v2\/comments?post=9657"}],"wp:featuredmedia":[{"embeddable":true,"href":"https:\/\/integratel.ma\/index.php\/wp-json\/wp\/v2\/media\/9658"}],"wp:attachment":[{"href":"https:\/\/integratel.ma\/index.php\/wp-json\/wp\/v2\/media?parent=9657"}],"wp:term":[{"taxonomy":"product_cat","embeddable":true,"href":"https:\/\/integratel.ma\/index.php\/wp-json\/wp\/v2\/product_cat?post=9657"},{"taxonomy":"product_tag","embeddable":true,"href":"https:\/\/integratel.ma\/index.php\/wp-json\/wp\/v2\/product_tag?post=9657"}],"curies":[{"name":"wp","href":"https:\/\/api.w.org\/{rel}","templated":true}]}}