{"id":9647,"date":"2023-11-27T09:18:53","date_gmt":"2023-11-27T08:18:53","guid":{"rendered":"https:\/\/integratel.ma\/?post_type=product&#038;p=9647"},"modified":"2024-03-08T14:08:04","modified_gmt":"2024-03-08T13:08:04","slug":"tablette-samsung-galaxy-tab-a9-11","status":"publish","type":"product","link":"https:\/\/integratel.ma\/index.php\/product\/tablette-samsung-galaxy-tab-a9-11\/","title":{"rendered":"TABLETTE SAMSUNG GALAXY TAB A9+ 11&Prime;"},"content":{"rendered":"","protected":false},"excerpt":{"rendered":"<p><img decoding=\"async\" class=\"alignnone size-full wp-image-6633\" src=\"https:\/\/integratel.ma\/wp-content\/uploads\/2023\/05\/samsung-e1684768323292.jpeg\" alt=\"\" width=\"173\" height=\"35\" srcset=\"https:\/\/integratel.ma\/wp-content\/uploads\/2023\/05\/samsung-e1684768323292.jpeg 173w, https:\/\/integratel.ma\/wp-content\/uploads\/2023\/05\/samsung-e1684768323292-60x12.jpeg 60w, https:\/\/integratel.ma\/wp-content\/uploads\/2023\/05\/samsung-e1684768323292-110x22.jpeg 110w, https:\/\/integratel.ma\/wp-content\/uploads\/2023\/05\/samsung-e1684768323292-90x18.jpeg 90w, https:\/\/integratel.ma\/wp-content\/uploads\/2023\/05\/samsung-e1684768323292-64x13.jpeg 64w\" sizes=\"(max-width: 173px) 100vw, 173px\" \/><\/p>\n<p>La tablette Samsung Galaxy Tab A9+ 5G offre une exp\u00e9rience classique et moderne avec son grand \u00e9cran lumineux offrant une image fluide. Avec 4GB et 8GB de m\u00e9moire et 64Go et 128Go de stockage, vous pouvez enregistrer tout ce que vous aimez. Son processeur Octa-Core garantit une vitesse de 2.2GHz, assurant une performance optimale. De plus, avec sa cam\u00e9ra principale de 8.0 MP, capturez des moments inoubliables en haute r\u00e9solution. Profitez de cette tablette polyvalente pour rester connect\u00e9 et productif. D\u00e9couvrez un monde de possibilit\u00e9s avec la Samsung Galaxy Tab A9+ 5G.<\/p>\n","protected":false},"featured_media":9655,"comment_status":"open","ping_status":"closed","template":"","meta":[],"product_cat":[256],"product_tag":[],"class_list":{"0":"post-9647","1":"product","2":"type-product","3":"status-publish","4":"has-post-thumbnail","6":"product_cat-tablette","8":"first","9":"instock","10":"sale","11":"taxable","12":"shipping-taxable","13":"purchasable","14":"product-type-variable"},"_links":{"self":[{"href":"https:\/\/integratel.ma\/index.php\/wp-json\/wp\/v2\/product\/9647"}],"collection":[{"href":"https:\/\/integratel.ma\/index.php\/wp-json\/wp\/v2\/product"}],"about":[{"href":"https:\/\/integratel.ma\/index.php\/wp-json\/wp\/v2\/types\/product"}],"replies":[{"embeddable":true,"href":"https:\/\/integratel.ma\/index.php\/wp-json\/wp\/v2\/comments?post=9647"}],"wp:featuredmedia":[{"embeddable":true,"href":"https:\/\/integratel.ma\/index.php\/wp-json\/wp\/v2\/media\/9655"}],"wp:attachment":[{"href":"https:\/\/integratel.ma\/index.php\/wp-json\/wp\/v2\/media?parent=9647"}],"wp:term":[{"taxonomy":"product_cat","embeddable":true,"href":"https:\/\/integratel.ma\/index.php\/wp-json\/wp\/v2\/product_cat?post=9647"},{"taxonomy":"product_tag","embeddable":true,"href":"https:\/\/integratel.ma\/index.php\/wp-json\/wp\/v2\/product_tag?post=9647"}],"curies":[{"name":"wp","href":"https:\/\/api.w.org\/{rel}","templated":true}]}}