{"id":9632,"date":"2023-11-25T10:41:39","date_gmt":"2023-11-25T09:41:39","guid":{"rendered":"https:\/\/integratel.ma\/?post_type=product&#038;p=9632"},"modified":"2023-11-25T10:45:28","modified_gmt":"2023-11-25T09:45:28","slug":"tablette-lenovo-9-tab-m9","status":"publish","type":"product","link":"https:\/\/integratel.ma\/index.php\/product\/tablette-lenovo-9-tab-m9\/","title":{"rendered":"TABLETTE LENOVO 9&Prime; TAB M9"},"content":{"rendered":"","protected":false},"excerpt":{"rendered":"<p><img decoding=\"async\" class=\"alignnone size-full wp-image-6627\" src=\"https:\/\/integratel.ma\/wp-content\/uploads\/2023\/05\/lenovo-e1686744388445.jpeg\" alt=\"\" width=\"168\" height=\"63\" srcset=\"https:\/\/integratel.ma\/wp-content\/uploads\/2023\/05\/lenovo-e1686744388445.jpeg 168w, https:\/\/integratel.ma\/wp-content\/uploads\/2023\/05\/lenovo-e1686744388445-60x23.jpeg 60w, https:\/\/integratel.ma\/wp-content\/uploads\/2023\/05\/lenovo-e1686744388445-110x41.jpeg 110w, https:\/\/integratel.ma\/wp-content\/uploads\/2023\/05\/lenovo-e1686744388445-90x34.jpeg 90w, https:\/\/integratel.ma\/wp-content\/uploads\/2023\/05\/lenovo-e1686744388445-64x24.jpeg 64w\" sizes=\"(max-width: 168px) 100vw, 168px\" \/><\/p>\n<p>La tablette Lenovo 9&Prime; TAB M9 offre une exp\u00e9rience mobile exceptionnelle. Son design bicolore gris arctique associe finesse et l\u00e9g\u00e8ret\u00e9 pour une portabilit\u00e9 optimale. \u00c9quip\u00e9e d&rsquo;un processeur MediaTek Helio G80 Octa-Core, 3 Go de RAM LPDDR4x et 32 Go de stockage eMMC, elle g\u00e8re ais\u00e9ment les applications Android. Profitez d&rsquo;un\u00a0\u00e9cran\u00a0HD de 9&Prime; et d&rsquo;enceintes st\u00e9r\u00e9o avec Dolby Atmos pour une immersion totale dans vos contenus. Avec Android 12 et Google Lens, explorez le monde qui vous entoure. Restez mobile avec une connectivit\u00e9 Wi-Fi 5 et une batterie longue dur\u00e9e. D\u00e9couvrez \u00e9galement le mode de lecture immersif et certifi\u00e9 T\u00dcV pour un confort visuel optimal. La Lenovo Tab M9, c&rsquo;est la fusion parfaite du style, du divertissement et de la performance.<\/p>\n","protected":false},"featured_media":9633,"comment_status":"open","ping_status":"closed","template":"","meta":[],"product_cat":[256],"product_tag":[],"class_list":{"0":"post-9632","1":"product","2":"type-product","3":"status-publish","4":"has-post-thumbnail","6":"product_cat-tablette","8":"first","9":"instock","10":"sale","11":"taxable","12":"shipping-taxable","13":"purchasable","14":"product-type-simple"},"_links":{"self":[{"href":"https:\/\/integratel.ma\/index.php\/wp-json\/wp\/v2\/product\/9632"}],"collection":[{"href":"https:\/\/integratel.ma\/index.php\/wp-json\/wp\/v2\/product"}],"about":[{"href":"https:\/\/integratel.ma\/index.php\/wp-json\/wp\/v2\/types\/product"}],"replies":[{"embeddable":true,"href":"https:\/\/integratel.ma\/index.php\/wp-json\/wp\/v2\/comments?post=9632"}],"wp:featuredmedia":[{"embeddable":true,"href":"https:\/\/integratel.ma\/index.php\/wp-json\/wp\/v2\/media\/9633"}],"wp:attachment":[{"href":"https:\/\/integratel.ma\/index.php\/wp-json\/wp\/v2\/media?parent=9632"}],"wp:term":[{"taxonomy":"product_cat","embeddable":true,"href":"https:\/\/integratel.ma\/index.php\/wp-json\/wp\/v2\/product_cat?post=9632"},{"taxonomy":"product_tag","embeddable":true,"href":"https:\/\/integratel.ma\/index.php\/wp-json\/wp\/v2\/product_tag?post=9632"}],"curies":[{"name":"wp","href":"https:\/\/api.w.org\/{rel}","templated":true}]}}