{"id":9623,"date":"2023-11-25T09:24:31","date_gmt":"2023-11-25T08:24:31","guid":{"rendered":"https:\/\/integratel.ma\/?post_type=product&#038;p=9623"},"modified":"2023-11-25T09:33:24","modified_gmt":"2023-11-25T08:33:24","slug":"cle-double-connectique-usb-type-c-sandisk-ultra-dual-drive","status":"publish","type":"product","link":"https:\/\/integratel.ma\/index.php\/product\/cle-double-connectique-usb-type-c-sandisk-ultra-dual-drive\/","title":{"rendered":"CLE DOUBLE CONNECTIQUE USB TYPE-C SANDISK ULTRA DUAL DRIVE"},"content":{"rendered":"","protected":false},"excerpt":{"rendered":"<p><img decoding=\"async\" class=\"alignnone size-full wp-image-6634\" src=\"https:\/\/integratel.ma\/wp-content\/uploads\/2023\/05\/sandisk-e1696588511575.jpeg\" alt=\"\" width=\"183\" height=\"40\" srcset=\"https:\/\/integratel.ma\/wp-content\/uploads\/2023\/05\/sandisk-e1696588511575.jpeg 183w, https:\/\/integratel.ma\/wp-content\/uploads\/2023\/05\/sandisk-e1696588511575-60x13.jpeg 60w, https:\/\/integratel.ma\/wp-content\/uploads\/2023\/05\/sandisk-e1696588511575-110x24.jpeg 110w, https:\/\/integratel.ma\/wp-content\/uploads\/2023\/05\/sandisk-e1696588511575-90x20.jpeg 90w, https:\/\/integratel.ma\/wp-content\/uploads\/2023\/05\/sandisk-e1696588511575-64x14.jpeg 64w\" sizes=\"(max-width: 183px) 100vw, 183px\" \/><\/p>\n<p>Lib\u00e9rez facilement de l&rsquo;espace sur votre smartphone et transf\u00e9rez rapidement des fichiers entre vos appareils gr\u00e2ce \u00e0 la cl\u00e9 double connectique USB Type-C\u00a0SanDisk\u00a0Ultra Dual Drive. Avec des vitesses USB 3.1 allant jusqu&rsquo;\u00e0 130 Mo\/s, cette cl\u00e9 pratique poss\u00e8de un connecteur USB Type-C r\u00e9versible et un connecteur USB traditionnel. L&rsquo;application SanDisk Memory Zone pour Android vous permet de g\u00e9rer et sauvegarder facilement votre contenu. Un moyen s\u00fbr et simple de lib\u00e9rer de l&rsquo;espace sur votre smartphone et de transf\u00e9rer des fichiers en toute simplicit\u00e9.<\/p>\n","protected":false},"featured_media":9628,"comment_status":"open","ping_status":"closed","template":"","meta":[],"product_cat":[369],"product_tag":[],"class_list":{"0":"post-9623","1":"product","2":"type-product","3":"status-publish","4":"has-post-thumbnail","6":"product_cat-memoire-flash","8":"first","9":"instock","10":"sale","11":"taxable","12":"shipping-taxable","13":"purchasable","14":"product-type-simple"},"_links":{"self":[{"href":"https:\/\/integratel.ma\/index.php\/wp-json\/wp\/v2\/product\/9623"}],"collection":[{"href":"https:\/\/integratel.ma\/index.php\/wp-json\/wp\/v2\/product"}],"about":[{"href":"https:\/\/integratel.ma\/index.php\/wp-json\/wp\/v2\/types\/product"}],"replies":[{"embeddable":true,"href":"https:\/\/integratel.ma\/index.php\/wp-json\/wp\/v2\/comments?post=9623"}],"wp:featuredmedia":[{"embeddable":true,"href":"https:\/\/integratel.ma\/index.php\/wp-json\/wp\/v2\/media\/9628"}],"wp:attachment":[{"href":"https:\/\/integratel.ma\/index.php\/wp-json\/wp\/v2\/media?parent=9623"}],"wp:term":[{"taxonomy":"product_cat","embeddable":true,"href":"https:\/\/integratel.ma\/index.php\/wp-json\/wp\/v2\/product_cat?post=9623"},{"taxonomy":"product_tag","embeddable":true,"href":"https:\/\/integratel.ma\/index.php\/wp-json\/wp\/v2\/product_tag?post=9623"}],"curies":[{"name":"wp","href":"https:\/\/api.w.org\/{rel}","templated":true}]}}