{"id":9454,"date":"2023-11-10T10:51:41","date_gmt":"2023-11-10T09:51:41","guid":{"rendered":"https:\/\/integratel.ma\/?post_type=product&#038;p=9454"},"modified":"2023-11-10T11:16:38","modified_gmt":"2023-11-10T10:16:38","slug":"batterie-power-bank-samsung-p3400-10000-mah-25w-charge-rapide","status":"publish","type":"product","link":"https:\/\/integratel.ma\/index.php\/product\/batterie-power-bank-samsung-p3400-10000-mah-25w-charge-rapide\/","title":{"rendered":"BATTERIE POWER BANK SAMSUNG P3400 10000 mAh 25W CHARGE RAPIDE"},"content":{"rendered":"","protected":false},"excerpt":{"rendered":"<p><img decoding=\"async\" class=\"alignnone size-full wp-image-6633\" src=\"https:\/\/integratel.ma\/wp-content\/uploads\/2023\/05\/samsung-e1684768323292.jpeg\" alt=\"\" width=\"173\" height=\"35\" srcset=\"https:\/\/integratel.ma\/wp-content\/uploads\/2023\/05\/samsung-e1684768323292.jpeg 173w, https:\/\/integratel.ma\/wp-content\/uploads\/2023\/05\/samsung-e1684768323292-60x12.jpeg 60w, https:\/\/integratel.ma\/wp-content\/uploads\/2023\/05\/samsung-e1684768323292-110x22.jpeg 110w, https:\/\/integratel.ma\/wp-content\/uploads\/2023\/05\/samsung-e1684768323292-90x18.jpeg 90w, https:\/\/integratel.ma\/wp-content\/uploads\/2023\/05\/samsung-e1684768323292-64x13.jpeg 64w\" sizes=\"(max-width: 173px) 100vw, 173px\" \/><\/p>\n<p>Emportez avec vous la puissance de la batterie Power Bank Samsung P3400 de 10000 mAh. Profitez d&rsquo;une recharge ultra rapide jusqu&rsquo;\u00e0 25W en d\u00e9placement, pour donner \u00e0 vos appareils le coup de pouce \u00e9nerg\u00e9tique n\u00e9cessaire. Fabriqu\u00e9e \u00e0 partir de mat\u00e9riaux recycl\u00e9s certifi\u00e9s UL, cette batterie respectueuse de l&rsquo;environnement contribue \u00e0 r\u00e9duire les \u00e9missions de carbone.\u00a0Son design ergonomique \u00e9l\u00e9gant et sa finition soign\u00e9e rendent son utilisation quotidienne agr\u00e9able. Gr\u00e2ce \u00e0 sa double capacit\u00e9 de charge, vous pouvez recharger simultan\u00e9ment deux appareils. Compatible avec divers dispositifs, elle est l&rsquo;accessoire indispensable pour votre t\u00e9l\u00e9phone, tablette et \u00e9couteurs.<\/p>\n","protected":false},"featured_media":9460,"comment_status":"open","ping_status":"closed","template":"","meta":[],"product_cat":[326],"product_tag":[],"class_list":{"0":"post-9454","1":"product","2":"type-product","3":"status-publish","4":"has-post-thumbnail","6":"product_cat-options-tablette-telephonie","8":"first","9":"instock","10":"sale","11":"taxable","12":"shipping-taxable","13":"purchasable","14":"product-type-simple"},"_links":{"self":[{"href":"https:\/\/integratel.ma\/index.php\/wp-json\/wp\/v2\/product\/9454"}],"collection":[{"href":"https:\/\/integratel.ma\/index.php\/wp-json\/wp\/v2\/product"}],"about":[{"href":"https:\/\/integratel.ma\/index.php\/wp-json\/wp\/v2\/types\/product"}],"replies":[{"embeddable":true,"href":"https:\/\/integratel.ma\/index.php\/wp-json\/wp\/v2\/comments?post=9454"}],"wp:featuredmedia":[{"embeddable":true,"href":"https:\/\/integratel.ma\/index.php\/wp-json\/wp\/v2\/media\/9460"}],"wp:attachment":[{"href":"https:\/\/integratel.ma\/index.php\/wp-json\/wp\/v2\/media?parent=9454"}],"wp:term":[{"taxonomy":"product_cat","embeddable":true,"href":"https:\/\/integratel.ma\/index.php\/wp-json\/wp\/v2\/product_cat?post=9454"},{"taxonomy":"product_tag","embeddable":true,"href":"https:\/\/integratel.ma\/index.php\/wp-json\/wp\/v2\/product_tag?post=9454"}],"curies":[{"name":"wp","href":"https:\/\/api.w.org\/{rel}","templated":true}]}}