{"id":9252,"date":"2023-11-01T11:04:09","date_gmt":"2023-11-01T10:04:09","guid":{"rendered":"https:\/\/integratel.ma\/?post_type=product&#038;p=9252"},"modified":"2024-03-04T15:28:06","modified_gmt":"2024-03-04T14:28:06","slug":"ordinateur-portable-lenovo-thinkpad-t14-gen-4","status":"publish","type":"product","link":"https:\/\/integratel.ma\/index.php\/product\/ordinateur-portable-lenovo-thinkpad-t14-gen-4\/","title":{"rendered":"LENOVO\u00a0Thinkpad\u00a0T14\u00a0i7-1355U\u00a014&Prime;\u00a0WUXGA\u00a0AG\u00a016\u00a0Go\u00a0512\u00a0Go\u00a0SSD\u00a0Win\u00a011\u00a0PRO\u00a0Black\u00a036M"},"content":{"rendered":"<p>LENOVO\u00a0Thinkpad\u00a0T14 \/Intel\u00ae Core\u2122 i7-1355U,10C (2P + 8E)\/12T, P-core 1.7\/5.0GHz,E-core 1.2 \/3.7GHz, 12MB\/16 Go de DDR5-5200 soud\u00e9s\/512 Go SSD M.2 2280 PCIe 4.0&#215;4 NVMe\u00ae\u00ae Opal 2.0\/14&Prime; WUXGA (1920&#215;1200 ) IPS 300nits Anti-\u00e9blouissement\/Couleur Noir tonnerre\/Dimension 317,7 x 226,9 x 17,9 mm (12,51 x 8, 93 x 0,70 pouces)\/Windows\u00ae 11 Professionnel, Fran\u00e7ais\/Ethernet 100\/1000M (RJ-45)\/3 ans, service de m essagerie ou de bagage \u00e0 main (first year Premier Support)<\/p>\n","protected":false},"excerpt":{"rendered":"<p><img fetchpriority=\"high\" decoding=\"async\" class=\"alignnone wp-image-7209 size-medium\" src=\"https:\/\/integratel.ma\/wp-content\/uploads\/2023\/05\/Lenovo-PC-Partner-Authorized-SGM2I-iris-e1698833176983-300x215.png\" alt=\"\" width=\"300\" height=\"215\" srcset=\"https:\/\/integratel.ma\/wp-content\/uploads\/2023\/05\/Lenovo-PC-Partner-Authorized-SGM2I-iris-e1698833176983-300x215.png 300w, https:\/\/integratel.ma\/wp-content\/uploads\/2023\/05\/Lenovo-PC-Partner-Authorized-SGM2I-iris-e1698833176983-60x43.png 60w, https:\/\/integratel.ma\/wp-content\/uploads\/2023\/05\/Lenovo-PC-Partner-Authorized-SGM2I-iris-e1698833176983-110x79.png 110w, https:\/\/integratel.ma\/wp-content\/uploads\/2023\/05\/Lenovo-PC-Partner-Authorized-SGM2I-iris-e1698833176983-75x54.png 75w, https:\/\/integratel.ma\/wp-content\/uploads\/2023\/05\/Lenovo-PC-Partner-Authorized-SGM2I-iris-e1698833176983-64x46.png 64w, https:\/\/integratel.ma\/wp-content\/uploads\/2023\/05\/Lenovo-PC-Partner-Authorized-SGM2I-iris-e1698833176983.png 361w\" sizes=\"(max-width: 300px) 100vw, 300px\" \/><\/p>\n<p>Intel\u00ae Core\u2122 i7-1355U, 10C (2P + 8E) \/ 12T, P-core 1.7 \/ 5.0GHz, E-core 1.2 \/ 3.7GHz, 12MB<br \/>\nRAM: 16GB Soldered DDR5-5200<br \/>\nDisque dur: 512GB SSD M.2 2280 PCIe\u00ae 4.0&#215;4 NVMe\u00ae Opal 2.0<br \/>\n\u00c9cran: 14&Prime; WUXGA (1920&#215;1200) IPS 300nits Anti-glare, 45% NTSC<br \/>\nCarte graphique: Intel\u00ae Iris\u00ae Xe Graphics Functions as UHD Graphics<br \/>\nWindows 11 professionnel<br \/>\nClavier:\u00a0R\u00e9tro\u00e9clair\u00e9, fran\u00e7ais (AZERTY)<br \/>\nPoids: \u00c0 partir de 1.37 kg<\/p>\n","protected":false},"featured_media":10994,"comment_status":"open","ping_status":"closed","template":"","meta":[],"product_cat":[133],"product_tag":[],"class_list":{"0":"post-9252","1":"product","2":"type-product","3":"status-publish","4":"has-post-thumbnail","6":"product_cat-pc-portable","8":"first","9":"instock","10":"sale","11":"taxable","12":"shipping-taxable","13":"purchasable","14":"product-type-simple"},"_links":{"self":[{"href":"https:\/\/integratel.ma\/index.php\/wp-json\/wp\/v2\/product\/9252"}],"collection":[{"href":"https:\/\/integratel.ma\/index.php\/wp-json\/wp\/v2\/product"}],"about":[{"href":"https:\/\/integratel.ma\/index.php\/wp-json\/wp\/v2\/types\/product"}],"replies":[{"embeddable":true,"href":"https:\/\/integratel.ma\/index.php\/wp-json\/wp\/v2\/comments?post=9252"}],"wp:featuredmedia":[{"embeddable":true,"href":"https:\/\/integratel.ma\/index.php\/wp-json\/wp\/v2\/media\/10994"}],"wp:attachment":[{"href":"https:\/\/integratel.ma\/index.php\/wp-json\/wp\/v2\/media?parent=9252"}],"wp:term":[{"taxonomy":"product_cat","embeddable":true,"href":"https:\/\/integratel.ma\/index.php\/wp-json\/wp\/v2\/product_cat?post=9252"},{"taxonomy":"product_tag","embeddable":true,"href":"https:\/\/integratel.ma\/index.php\/wp-json\/wp\/v2\/product_tag?post=9252"}],"curies":[{"name":"wp","href":"https:\/\/api.w.org\/{rel}","templated":true}]}}