{"id":8078,"date":"2023-08-02T09:15:32","date_gmt":"2023-08-02T08:15:32","guid":{"rendered":"https:\/\/integratel.ma\/?post_type=product&#038;p=8078"},"modified":"2023-08-02T09:25:13","modified_gmt":"2023-08-02T08:25:13","slug":"carte-pcie-hp-intel-8265-802-11-a-b-g-n-acbt","status":"publish","type":"product","link":"https:\/\/integratel.ma\/index.php\/product\/carte-pcie-hp-intel-8265-802-11-a-b-g-n-acbt\/","title":{"rendered":"CARTE PCIe HP INTEL 8265 802.11 a\/b\/g\/n\/ac&#038;BT"},"content":{"rendered":"","protected":false},"excerpt":{"rendered":"<p><img decoding=\"async\" class=\"alignnone wp-image-7641\" src=\"https:\/\/integratel.ma\/wp-content\/uploads\/2023\/05\/HP_Business_Partner_iris_ma_SGM2I-1-300x141.png\" alt=\"\" width=\"277\" height=\"130\" \/><\/p>\n<p>Am\u00e9liorez les capacit\u00e9s sans fil de vos stations de travail HP compatibles avec l&rsquo;adaptateur PCIe Intel 8265 802.11 a\/b\/g\/n\/ac et Bluetooth. Connectez-vous via un emplacement de carte PCIe et b\u00e9n\u00e9ficiez d&rsquo;une vitesse de transfert de donn\u00e9es allant jusqu&rsquo;\u00e0 867 Mb\/s. Ce produit prend en charge la technologie MU-MIMO, r\u00e9duisant les d\u00e9connexions et la congestion r\u00e9seau, tout en offrant une diffusion fluide de vid\u00e9os haute r\u00e9solution. Transformez \u00e9galement votre station de travail en un hub et p\u00e9riph\u00e9rique Bluetooth gr\u00e2ce \u00e0 cette carte. Compatible avec Intel\u00a0Core vPro Security pour une gestion \u00e0 distance et une s\u00e9curit\u00e9 am\u00e9lior\u00e9es.<\/p>\n","protected":false},"featured_media":8079,"comment_status":"open","ping_status":"closed","template":"","meta":[],"product_cat":[217],"product_tag":[],"class_list":{"0":"post-8078","1":"product","2":"type-product","3":"status-publish","4":"has-post-thumbnail","6":"product_cat-options","8":"first","9":"instock","10":"sale","11":"taxable","12":"shipping-taxable","13":"purchasable","14":"product-type-simple"},"_links":{"self":[{"href":"https:\/\/integratel.ma\/index.php\/wp-json\/wp\/v2\/product\/8078"}],"collection":[{"href":"https:\/\/integratel.ma\/index.php\/wp-json\/wp\/v2\/product"}],"about":[{"href":"https:\/\/integratel.ma\/index.php\/wp-json\/wp\/v2\/types\/product"}],"replies":[{"embeddable":true,"href":"https:\/\/integratel.ma\/index.php\/wp-json\/wp\/v2\/comments?post=8078"}],"wp:featuredmedia":[{"embeddable":true,"href":"https:\/\/integratel.ma\/index.php\/wp-json\/wp\/v2\/media\/8079"}],"wp:attachment":[{"href":"https:\/\/integratel.ma\/index.php\/wp-json\/wp\/v2\/media?parent=8078"}],"wp:term":[{"taxonomy":"product_cat","embeddable":true,"href":"https:\/\/integratel.ma\/index.php\/wp-json\/wp\/v2\/product_cat?post=8078"},{"taxonomy":"product_tag","embeddable":true,"href":"https:\/\/integratel.ma\/index.php\/wp-json\/wp\/v2\/product_tag?post=8078"}],"curies":[{"name":"wp","href":"https:\/\/api.w.org\/{rel}","templated":true}]}}