{"id":7544,"date":"2023-07-04T10:07:57","date_gmt":"2023-07-04T09:07:57","guid":{"rendered":"https:\/\/integratel.ma\/?post_type=product&#038;p=7544"},"modified":"2023-07-04T11:00:03","modified_gmt":"2023-07-04T10:00:03","slug":"serveur-hpe-proliant-dl380-gen10-4210r-2-4ghz-10-coeurs-1p-32gb-r-mr416i-p-8sff-bc-800w-ps","status":"publish","type":"product","link":"https:\/\/integratel.ma\/index.php\/product\/serveur-hpe-proliant-dl380-gen10-4210r-2-4ghz-10-coeurs-1p-32gb-r-mr416i-p-8sff-bc-800w-ps\/","title":{"rendered":"SERVEUR HPE PROLIANT DL380 GEN10 4210R 2.4GHz 10 COEURS 1P 32GB-R MR416i-p 8SFF BC 800W PS"},"content":{"rendered":"","protected":false},"excerpt":{"rendered":"<p><img decoding=\"async\" class=\"alignnone size-medium wp-image-7514\" src=\"https:\/\/integratel.ma\/wp-content\/uploads\/2023\/07\/83-e1688462176713-300x127.png\" alt=\"\" width=\"300\" height=\"127\" srcset=\"https:\/\/integratel.ma\/wp-content\/uploads\/2023\/07\/83-e1688462176713-300x127.png 300w, https:\/\/integratel.ma\/wp-content\/uploads\/2023\/07\/83-e1688462176713-60x25.png 60w, https:\/\/integratel.ma\/wp-content\/uploads\/2023\/07\/83-e1688462176713-110x46.png 110w, https:\/\/integratel.ma\/wp-content\/uploads\/2023\/07\/83-e1688462176713-90x38.png 90w, https:\/\/integratel.ma\/wp-content\/uploads\/2023\/07\/83-e1688462176713-64x27.png 64w, https:\/\/integratel.ma\/wp-content\/uploads\/2023\/07\/83-e1688462176713.png 346w\" sizes=\"(max-width: 300px) 100vw, 300px\" \/><\/p>\n<ul>\n<li>Serveur HPE ProLiant DL380 Gen10 4210R 2.4 GHz 10 c\u0153urs monoprocesseur 32 Go-R MR416i-p 8 lecteurs compacts BC Alimentation 800 W<\/li>\n<li>Prot\u00e9ger les applications et les donn\u00e9es avant m\u00eame la cr\u00e9ation de votre serveur, gr\u00e2ce \u00e0 la cha\u00eene logistique \u00e9prouv\u00e9e HPE<\/li>\n<li>Une performance de niveau mondial offrant une densit\u00e9 de calcul am\u00e9lior\u00e9e<\/li>\n<li>Sa conception flexible permet \u00e0 votre investissement \u00e9voluer au fur et \u00e0 mesure que les besoins m\u00e9tiers s\u2019accroissent<\/li>\n<li>Facilit\u00e9 de d\u00e9ploiement et Services in\u00e9gal\u00e9s dans l\u2019industrie<\/li>\n<\/ul>\n","protected":false},"featured_media":7545,"comment_status":"open","ping_status":"closed","template":"","meta":[],"product_cat":[388],"product_tag":[],"class_list":{"0":"post-7544","1":"product","2":"type-product","3":"status-publish","4":"has-post-thumbnail","6":"product_cat-rack","8":"first","9":"instock","10":"sale","11":"taxable","12":"shipping-taxable","13":"purchasable","14":"product-type-simple"},"_links":{"self":[{"href":"https:\/\/integratel.ma\/index.php\/wp-json\/wp\/v2\/product\/7544"}],"collection":[{"href":"https:\/\/integratel.ma\/index.php\/wp-json\/wp\/v2\/product"}],"about":[{"href":"https:\/\/integratel.ma\/index.php\/wp-json\/wp\/v2\/types\/product"}],"replies":[{"embeddable":true,"href":"https:\/\/integratel.ma\/index.php\/wp-json\/wp\/v2\/comments?post=7544"}],"wp:featuredmedia":[{"embeddable":true,"href":"https:\/\/integratel.ma\/index.php\/wp-json\/wp\/v2\/media\/7545"}],"wp:attachment":[{"href":"https:\/\/integratel.ma\/index.php\/wp-json\/wp\/v2\/media?parent=7544"}],"wp:term":[{"taxonomy":"product_cat","embeddable":true,"href":"https:\/\/integratel.ma\/index.php\/wp-json\/wp\/v2\/product_cat?post=7544"},{"taxonomy":"product_tag","embeddable":true,"href":"https:\/\/integratel.ma\/index.php\/wp-json\/wp\/v2\/product_tag?post=7544"}],"curies":[{"name":"wp","href":"https:\/\/api.w.org\/{rel}","templated":true}]}}