{"id":7513,"date":"2023-07-03T15:19:29","date_gmt":"2023-07-03T14:19:29","guid":{"rendered":"https:\/\/integratel.ma\/?post_type=product&#038;p=7513"},"modified":"2024-03-04T15:31:47","modified_gmt":"2024-03-04T14:31:47","slug":"switch-ethernet-non-geres-a-port-fixe-hpe-officeconnect-1420-16g","status":"publish","type":"product","link":"https:\/\/integratel.ma\/index.php\/product\/switch-ethernet-non-geres-a-port-fixe-hpe-officeconnect-1420-16g\/","title":{"rendered":"HP 1420-16G Switch"},"content":{"rendered":"","protected":false},"excerpt":{"rendered":"<p><img decoding=\"async\" class=\"alignnone  wp-image-7514\" src=\"https:\/\/integratel.ma\/wp-content\/uploads\/2023\/07\/83-300x180.png\" alt=\"\" width=\"194\" height=\"116\" \/><\/p>\n<ul>\n<li>Switch non Administrable<\/li>\n<li>Performances D\u00e9bit: jusqu&rsquo;\u00e0 23,8 Mpps,<\/li>\n<li>Capacit\u00e9 de basculement: 32 Gbit\/s<\/li>\n<li>Interfaces : (16) Ports RJ-45 10\/100\/1000 \u00e0 d\u00e9tection automatique Prend en charge jusqu&rsquo;\u00e0 16 ports 10\/100\/1000 \u00e0 d\u00e9tection automatique<\/li>\n<li>M\u00e9moire flash : M\u00e9moire flash de 1 Mo<\/li>\n<li>Taille du tampon de paquets : 512 Ko<\/li>\n<li>Dimensions : 266 x 162 x 44 mm &#8211; 1,2 kg<\/li>\n<\/ul>\n","protected":false},"featured_media":11081,"comment_status":"open","ping_status":"closed","template":"","meta":[],"product_cat":[390],"product_tag":[],"class_list":{"0":"post-7513","1":"product","2":"type-product","3":"status-publish","4":"has-post-thumbnail","6":"product_cat-switch","8":"first","9":"instock","10":"sale","11":"taxable","12":"shipping-taxable","13":"purchasable","14":"product-type-simple"},"_links":{"self":[{"href":"https:\/\/integratel.ma\/index.php\/wp-json\/wp\/v2\/product\/7513"}],"collection":[{"href":"https:\/\/integratel.ma\/index.php\/wp-json\/wp\/v2\/product"}],"about":[{"href":"https:\/\/integratel.ma\/index.php\/wp-json\/wp\/v2\/types\/product"}],"replies":[{"embeddable":true,"href":"https:\/\/integratel.ma\/index.php\/wp-json\/wp\/v2\/comments?post=7513"}],"wp:featuredmedia":[{"embeddable":true,"href":"https:\/\/integratel.ma\/index.php\/wp-json\/wp\/v2\/media\/11081"}],"wp:attachment":[{"href":"https:\/\/integratel.ma\/index.php\/wp-json\/wp\/v2\/media?parent=7513"}],"wp:term":[{"taxonomy":"product_cat","embeddable":true,"href":"https:\/\/integratel.ma\/index.php\/wp-json\/wp\/v2\/product_cat?post=7513"},{"taxonomy":"product_tag","embeddable":true,"href":"https:\/\/integratel.ma\/index.php\/wp-json\/wp\/v2\/product_tag?post=7513"}],"curies":[{"name":"wp","href":"https:\/\/api.w.org\/{rel}","templated":true}]}}