{"id":7361,"date":"2023-06-21T15:18:57","date_gmt":"2023-06-21T14:18:57","guid":{"rendered":"https:\/\/integratel.ma\/?post_type=product&#038;p=7361"},"modified":"2023-06-22T09:44:33","modified_gmt":"2023-06-22T08:44:33","slug":"tablette-samsung-galaxy-tab-s8-ultra-5g-512go","status":"publish","type":"product","link":"https:\/\/integratel.ma\/index.php\/product\/tablette-samsung-galaxy-tab-s8-ultra-5g-512go\/","title":{"rendered":"TABLETTE SAMSUNG GALAXY TAB S8 ULTRA 5G 512Go"},"content":{"rendered":"","protected":false},"excerpt":{"rendered":"<p><img decoding=\"async\" class=\"alignnone size-full wp-image-6633\" src=\"https:\/\/integratel.ma\/wp-content\/uploads\/2023\/05\/samsung-e1684768323292.jpeg\" alt=\"\" width=\"173\" height=\"35\" srcset=\"https:\/\/integratel.ma\/wp-content\/uploads\/2023\/05\/samsung-e1684768323292.jpeg 173w, https:\/\/integratel.ma\/wp-content\/uploads\/2023\/05\/samsung-e1684768323292-60x12.jpeg 60w, https:\/\/integratel.ma\/wp-content\/uploads\/2023\/05\/samsung-e1684768323292-110x22.jpeg 110w, https:\/\/integratel.ma\/wp-content\/uploads\/2023\/05\/samsung-e1684768323292-90x18.jpeg 90w, https:\/\/integratel.ma\/wp-content\/uploads\/2023\/05\/samsung-e1684768323292-64x13.jpeg 64w\" sizes=\"(max-width: 173px) 100vw, 173px\" \/><\/p>\n<p>La plus grande Samsung Galaxy Tab S aux dimensions galactiques.<br \/>\nAfficher plus. Notre premier double appareil photo frontal (ultra grand angle + grand angle) sur\u00a0une tablette.<br \/>\nLa plus grande avanc\u00e9e en mati\u00e8re de r\u00e9activit\u00e9 S Pen avec une latence ultra faible<\/p>\n","protected":false},"featured_media":7367,"comment_status":"open","ping_status":"closed","template":"","meta":[],"product_cat":[256],"product_tag":[],"class_list":{"0":"post-7361","1":"product","2":"type-product","3":"status-publish","4":"has-post-thumbnail","6":"product_cat-tablette","8":"first","9":"instock","10":"sale","11":"taxable","12":"shipping-taxable","13":"purchasable","14":"product-type-simple"},"_links":{"self":[{"href":"https:\/\/integratel.ma\/index.php\/wp-json\/wp\/v2\/product\/7361"}],"collection":[{"href":"https:\/\/integratel.ma\/index.php\/wp-json\/wp\/v2\/product"}],"about":[{"href":"https:\/\/integratel.ma\/index.php\/wp-json\/wp\/v2\/types\/product"}],"replies":[{"embeddable":true,"href":"https:\/\/integratel.ma\/index.php\/wp-json\/wp\/v2\/comments?post=7361"}],"wp:featuredmedia":[{"embeddable":true,"href":"https:\/\/integratel.ma\/index.php\/wp-json\/wp\/v2\/media\/7367"}],"wp:attachment":[{"href":"https:\/\/integratel.ma\/index.php\/wp-json\/wp\/v2\/media?parent=7361"}],"wp:term":[{"taxonomy":"product_cat","embeddable":true,"href":"https:\/\/integratel.ma\/index.php\/wp-json\/wp\/v2\/product_cat?post=7361"},{"taxonomy":"product_tag","embeddable":true,"href":"https:\/\/integratel.ma\/index.php\/wp-json\/wp\/v2\/product_tag?post=7361"}],"curies":[{"name":"wp","href":"https:\/\/api.w.org\/{rel}","templated":true}]}}