{"id":7177,"date":"2023-06-06T14:57:19","date_gmt":"2023-06-06T13:57:19","guid":{"rendered":"https:\/\/integratel.ma\/?post_type=product&#038;p=7177"},"modified":"2023-06-06T15:24:38","modified_gmt":"2023-06-06T14:24:38","slug":"extension-microphones-pour-logitech-meetup-microphone-supplementaire","status":"publish","type":"product","link":"https:\/\/integratel.ma\/index.php\/product\/extension-microphones-pour-logitech-meetup-microphone-supplementaire\/","title":{"rendered":"EXTENSION MICROPHONES POUR LOGITECH MEETUP &#8211; MICROPHONE SUPPLEMENTAIRE"},"content":{"rendered":"","protected":false},"excerpt":{"rendered":"<p><img decoding=\"async\" class=\"alignnone size-full wp-image-6629\" src=\"https:\/\/integratel.ma\/wp-content\/uploads\/2023\/05\/logitech-e1685097739907.jpeg\" alt=\"\" width=\"183\" height=\"68\" srcset=\"https:\/\/integratel.ma\/wp-content\/uploads\/2023\/05\/logitech-e1685097739907.jpeg 183w, https:\/\/integratel.ma\/wp-content\/uploads\/2023\/05\/logitech-e1685097739907-60x22.jpeg 60w, https:\/\/integratel.ma\/wp-content\/uploads\/2023\/05\/logitech-e1685097739907-110x41.jpeg 110w, https:\/\/integratel.ma\/wp-content\/uploads\/2023\/05\/logitech-e1685097739907-90x33.jpeg 90w, https:\/\/integratel.ma\/wp-content\/uploads\/2023\/05\/logitech-e1685097739907-64x24.jpeg 64w\" sizes=\"(max-width: 183px) 100vw, 183px\" \/><\/p>\n<p>Extension microphones<\/p>\n<ul>\n<li>Hauteur x Largeur x \u00c9paisseur: 13,4 mm x 83 mm x 83 mm<\/li>\n<li>Poids: 302 g<\/li>\n<\/ul>\n<p>CARACT\u00c9RISTIQUES TECHNIQUES<\/p>\n<ul>\n<li>Type de connexion: Pr\u00eat \u00e0 l&#8217;emploi<\/li>\n<li>T\u00e9moins lumineux (LED): Le t\u00e9moin lumineux confirme la diffusion vid\u00e9o, la mise en sourdine, la mise en attente et le couplage Bluetooth, etc.<\/li>\n<li>Type de microphone: Mono, bande large, isolation phonique<\/li>\n<li>Boutons\/interrupteur: Mise en sourdine du microphone<\/li>\n<li>Longueur du c\u00e2ble: 6 m<\/li>\n<\/ul>\n","protected":false},"featured_media":7180,"comment_status":"open","ping_status":"closed","template":"","meta":[],"product_cat":[358],"product_tag":[],"class_list":{"0":"post-7177","1":"product","2":"type-product","3":"status-publish","4":"has-post-thumbnail","6":"product_cat-visioconference","8":"first","9":"instock","10":"sale","11":"taxable","12":"shipping-taxable","13":"purchasable","14":"product-type-simple"},"_links":{"self":[{"href":"https:\/\/integratel.ma\/index.php\/wp-json\/wp\/v2\/product\/7177"}],"collection":[{"href":"https:\/\/integratel.ma\/index.php\/wp-json\/wp\/v2\/product"}],"about":[{"href":"https:\/\/integratel.ma\/index.php\/wp-json\/wp\/v2\/types\/product"}],"replies":[{"embeddable":true,"href":"https:\/\/integratel.ma\/index.php\/wp-json\/wp\/v2\/comments?post=7177"}],"wp:featuredmedia":[{"embeddable":true,"href":"https:\/\/integratel.ma\/index.php\/wp-json\/wp\/v2\/media\/7180"}],"wp:attachment":[{"href":"https:\/\/integratel.ma\/index.php\/wp-json\/wp\/v2\/media?parent=7177"}],"wp:term":[{"taxonomy":"product_cat","embeddable":true,"href":"https:\/\/integratel.ma\/index.php\/wp-json\/wp\/v2\/product_cat?post=7177"},{"taxonomy":"product_tag","embeddable":true,"href":"https:\/\/integratel.ma\/index.php\/wp-json\/wp\/v2\/product_tag?post=7177"}],"curies":[{"name":"wp","href":"https:\/\/api.w.org\/{rel}","templated":true}]}}