{"id":5577,"date":"2023-05-02T16:10:04","date_gmt":"2023-05-02T15:10:04","guid":{"rendered":"https:\/\/integratel.ma\/index.php\/product\/lenovo-15-6-inch-laptop-casual-toploader-t210-noir-4x40t84061\/"},"modified":"2024-03-04T15:31:10","modified_gmt":"2024-03-04T14:31:10","slug":"lenovo-15-6-inch-laptop-casual-toploader-t210-noir-4x40t84061","status":"publish","type":"product","link":"https:\/\/integratel.ma\/index.php\/product\/lenovo-15-6-inch-laptop-casual-toploader-t210-noir-4x40t84061\/","title":{"rendered":"Lenovo 15.6-inch Laptop Casual Toploader T210 noir"},"content":{"rendered":"<p>Le design compact du sac \u00e0 ouverture par le haut pour ordinateur portable Lenovo de 15,6\u00a0po est parfait pour le travail et l&rsquo;\u00e9cole. Ce sac \u00e0 dos en polyester solide et au style \u00e9pur\u00e9 est rembourr\u00e9 \u00e0 l&rsquo;int\u00e9rieur afin de prot\u00e9ger les ordinateurs portables et les objets importants. Poche avant \u00e0 fermeture zipp\u00e9e ais\u00e9ment accessible pour un espace de rangement suppl\u00e9mentaire. La<\/p>\n","protected":false},"excerpt":{"rendered":"<p>Le design compact du sac \u00e0 ouverture par le haut pour ordinateur portable Lenovo de 15,6\u00a0po est parfait pour le travail et l&rsquo;\u00e9cole. Ce sac \u00e0 dos en polyester solide et au style \u00e9pur\u00e9 est rembourr\u00e9 \u00e0 l&rsquo;int\u00e9rieur afin de prot\u00e9ger les ordinateurs portables et les objets importants. Poche avant \u00e0 fermeture zipp\u00e9e ais\u00e9ment accessible<\/p>\n<div class=\"klb-readmore entry-button\"><a class=\"btn link\" href=\"https:\/\/integratel.ma\/index.php\/product\/lenovo-15-6-inch-laptop-casual-toploader-t210-noir-4x40t84061\/\">Read More <i class=\"klbth-icon-right-arrow\"><\/i><\/a><\/div>\n","protected":false},"featured_media":5576,"comment_status":"open","ping_status":"closed","template":"","meta":[],"product_cat":[370],"product_tag":[],"class_list":{"0":"post-5577","1":"product","2":"type-product","3":"status-publish","4":"has-post-thumbnail","6":"product_cat-bagagerie","8":"first","9":"instock","10":"sale","11":"taxable","12":"shipping-taxable","13":"purchasable","14":"product-type-simple"},"_links":{"self":[{"href":"https:\/\/integratel.ma\/index.php\/wp-json\/wp\/v2\/product\/5577"}],"collection":[{"href":"https:\/\/integratel.ma\/index.php\/wp-json\/wp\/v2\/product"}],"about":[{"href":"https:\/\/integratel.ma\/index.php\/wp-json\/wp\/v2\/types\/product"}],"replies":[{"embeddable":true,"href":"https:\/\/integratel.ma\/index.php\/wp-json\/wp\/v2\/comments?post=5577"}],"wp:featuredmedia":[{"embeddable":true,"href":"https:\/\/integratel.ma\/index.php\/wp-json\/wp\/v2\/media\/5576"}],"wp:attachment":[{"href":"https:\/\/integratel.ma\/index.php\/wp-json\/wp\/v2\/media?parent=5577"}],"wp:term":[{"taxonomy":"product_cat","embeddable":true,"href":"https:\/\/integratel.ma\/index.php\/wp-json\/wp\/v2\/product_cat?post=5577"},{"taxonomy":"product_tag","embeddable":true,"href":"https:\/\/integratel.ma\/index.php\/wp-json\/wp\/v2\/product_tag?post=5577"}],"curies":[{"name":"wp","href":"https:\/\/api.w.org\/{rel}","templated":true}]}}