{"id":5537,"date":"2023-05-02T16:09:58","date_gmt":"2023-05-02T15:09:58","guid":{"rendered":"https:\/\/integratel.ma\/index.php\/product\/portdesign-houston-back-pack-156-pouces-110265\/"},"modified":"2024-03-04T15:34:19","modified_gmt":"2024-03-04T14:34:19","slug":"sac-a-dos-houston-backpack-156-port-designs","status":"publish","type":"product","link":"https:\/\/integratel.ma\/index.php\/product\/sac-a-dos-houston-backpack-156-port-designs\/","title":{"rendered":"PORTDESIGN HOUSTON BACK PACK 15,6 pouces"},"content":{"rendered":"","protected":false},"excerpt":{"rendered":"<p>Optez pour le sac \u00e0 dos HOUSTON Backpack 15,6\u00a0\u00bb de Port Designs et offrez-vous une protection id\u00e9ale pour vos objets pr\u00e9cieux. Avec sa large poche avant, ses deux poches zipp\u00e9es \u00e0 l&rsquo;avant et ses poches lat\u00e9rales en filet, vous b\u00e9n\u00e9ficierez d&rsquo;un espace de rangement spacieux. Les bretelles et le dos renforc\u00e9s assurent un confort optimal, tandis que le fond renforc\u00e9 garantit une durabilit\u00e9 accrue. Parfait pour vos d\u00e9placements quotidiens ou vos voyages, ce sac \u00e0 dos en nylon noir et rouge est \u00e0 la fois\u00a0pratique et styl\u00e9.<\/p>\n","protected":false},"featured_media":5536,"comment_status":"open","ping_status":"closed","template":"","meta":[],"product_cat":[370],"product_tag":[],"class_list":{"0":"post-5537","1":"product","2":"type-product","3":"status-publish","4":"has-post-thumbnail","6":"product_cat-bagagerie","8":"first","9":"instock","10":"sale","11":"taxable","12":"shipping-taxable","13":"purchasable","14":"product-type-simple"},"_links":{"self":[{"href":"https:\/\/integratel.ma\/index.php\/wp-json\/wp\/v2\/product\/5537"}],"collection":[{"href":"https:\/\/integratel.ma\/index.php\/wp-json\/wp\/v2\/product"}],"about":[{"href":"https:\/\/integratel.ma\/index.php\/wp-json\/wp\/v2\/types\/product"}],"replies":[{"embeddable":true,"href":"https:\/\/integratel.ma\/index.php\/wp-json\/wp\/v2\/comments?post=5537"}],"wp:featuredmedia":[{"embeddable":true,"href":"https:\/\/integratel.ma\/index.php\/wp-json\/wp\/v2\/media\/5536"}],"wp:attachment":[{"href":"https:\/\/integratel.ma\/index.php\/wp-json\/wp\/v2\/media?parent=5537"}],"wp:term":[{"taxonomy":"product_cat","embeddable":true,"href":"https:\/\/integratel.ma\/index.php\/wp-json\/wp\/v2\/product_cat?post=5537"},{"taxonomy":"product_tag","embeddable":true,"href":"https:\/\/integratel.ma\/index.php\/wp-json\/wp\/v2\/product_tag?post=5537"}],"curies":[{"name":"wp","href":"https:\/\/api.w.org\/{rel}","templated":true}]}}