{"id":5453,"date":"2023-05-02T16:09:44","date_gmt":"2023-05-02T15:09:44","guid":{"rendered":"https:\/\/integratel.ma\/index.php\/product\/canon-eos-4000d-18-55-eu26-3011c003aa\/"},"modified":"2023-05-24T15:31:30","modified_gmt":"2023-05-24T14:31:30","slug":"canon-eos-4000d-18-55-eu26","status":"publish","type":"product","link":"https:\/\/integratel.ma\/index.php\/product\/canon-eos-4000d-18-55-eu26\/","title":{"rendered":"CANON EOS 4000D 18-55 EU26"},"content":{"rendered":"","protected":false},"excerpt":{"rendered":"<p><img decoding=\"async\" class=\"alignnone size-medium wp-image-6842\" src=\"https:\/\/integratel.ma\/wp-content\/uploads\/2023\/05\/45-2-e1684937188903-300x77.png\" alt=\"\" width=\"300\" height=\"77\" srcset=\"https:\/\/integratel.ma\/wp-content\/uploads\/2023\/05\/45-2-e1684937188903-300x77.png 300w, https:\/\/integratel.ma\/wp-content\/uploads\/2023\/05\/45-2-e1684937188903-60x15.png 60w, https:\/\/integratel.ma\/wp-content\/uploads\/2023\/05\/45-2-e1684937188903-110x28.png 110w, https:\/\/integratel.ma\/wp-content\/uploads\/2023\/05\/45-2-e1684937188903-90x23.png 90w, https:\/\/integratel.ma\/wp-content\/uploads\/2023\/05\/45-2-e1684937188903-64x16.png 64w, https:\/\/integratel.ma\/wp-content\/uploads\/2023\/05\/45-2-e1684937188903.png 366w\" sizes=\"(max-width: 300px) 100vw, 300px\" \/><\/p>\n<p>Racontez des histoires uniques avec vos photographies. Ce reflex pour d\u00e9butants avec l&rsquo;objectif EF-S 18-55mm f\/3.5-5.6 III cr\u00e9e intuitivement des photos qui sortent du lot et des vid\u00e9os Full HD riches en couleurs et en d\u00e9tails, avec un contr\u00f4le manuel des r\u00e9glages partiel et total. Le capteur APS-C 18 millions de pixels vous permet de photographier en basse lumi\u00e8re et\u00a0<sup><a href=\"https:\/\/www.iris.ma\/10174-appareil-photo-reflex-canon-eos-4000d-kit-slr-18-55-mm-3011c003aa.html\">1<\/a><\/sup>\u00a0d&rsquo;exprimer votre cr\u00e9ativit\u00e9 gr\u00e2ce aux objectifs interchangeables. Cadrez et d\u00e9clenchez avec le mode Sc\u00e8ne intelligente auto et partagez vos histoires \u00e0 l&rsquo;aide du Wi-Fi int\u00e9gr\u00e9 de l&rsquo;EOS 4000D et de l&rsquo;application gratuite Camera Connect.<\/p>\n","protected":false},"featured_media":6991,"comment_status":"open","ping_status":"closed","template":"","meta":[],"product_cat":[359],"product_tag":[],"class_list":{"0":"post-5453","1":"product","2":"type-product","3":"status-publish","4":"has-post-thumbnail","6":"product_cat-photo-video","8":"first","9":"instock","10":"sale","11":"taxable","12":"shipping-taxable","13":"purchasable","14":"product-type-simple"},"_links":{"self":[{"href":"https:\/\/integratel.ma\/index.php\/wp-json\/wp\/v2\/product\/5453"}],"collection":[{"href":"https:\/\/integratel.ma\/index.php\/wp-json\/wp\/v2\/product"}],"about":[{"href":"https:\/\/integratel.ma\/index.php\/wp-json\/wp\/v2\/types\/product"}],"replies":[{"embeddable":true,"href":"https:\/\/integratel.ma\/index.php\/wp-json\/wp\/v2\/comments?post=5453"}],"wp:featuredmedia":[{"embeddable":true,"href":"https:\/\/integratel.ma\/index.php\/wp-json\/wp\/v2\/media\/6991"}],"wp:attachment":[{"href":"https:\/\/integratel.ma\/index.php\/wp-json\/wp\/v2\/media?parent=5453"}],"wp:term":[{"taxonomy":"product_cat","embeddable":true,"href":"https:\/\/integratel.ma\/index.php\/wp-json\/wp\/v2\/product_cat?post=5453"},{"taxonomy":"product_tag","embeddable":true,"href":"https:\/\/integratel.ma\/index.php\/wp-json\/wp\/v2\/product_tag?post=5453"}],"curies":[{"name":"wp","href":"https:\/\/api.w.org\/{rel}","templated":true}]}}