{"id":5393,"date":"2023-05-02T16:09:35","date_gmt":"2023-05-02T15:09:35","guid":{"rendered":"https:\/\/integratel.ma\/index.php\/product\/oray-ecran-mural-manuel-cineflex-180x180-mpp01b1180180\/"},"modified":"2024-03-04T15:32:58","modified_gmt":"2024-03-04T14:32:58","slug":"ecran-mural-oray-cineflex-180-x-180-cm-blanc-mat","status":"publish","type":"product","link":"https:\/\/integratel.ma\/index.php\/product\/ecran-mural-oray-cineflex-180-x-180-cm-blanc-mat\/","title":{"rendered":"Oray Ecran Mural Manuel CINEFLEX 180X180"},"content":{"rendered":"","protected":false},"excerpt":{"rendered":"<p><img decoding=\"async\" class=\"alignnone wp-image-9462 size-medium\" src=\"https:\/\/integratel.ma\/wp-content\/uploads\/2023\/05\/32-e1699613366714-300x95.png\" alt=\"\" width=\"300\" height=\"95\" srcset=\"https:\/\/integratel.ma\/wp-content\/uploads\/2023\/05\/32-e1699613366714-300x95.png 300w, https:\/\/integratel.ma\/wp-content\/uploads\/2023\/05\/32-e1699613366714-60x19.png 60w, https:\/\/integratel.ma\/wp-content\/uploads\/2023\/05\/32-e1699613366714-110x35.png 110w, https:\/\/integratel.ma\/wp-content\/uploads\/2023\/05\/32-e1699613366714-90x28.png 90w, https:\/\/integratel.ma\/wp-content\/uploads\/2023\/05\/32-e1699613366714-64x20.png 64w, https:\/\/integratel.ma\/wp-content\/uploads\/2023\/05\/32-e1699613366714.png 351w\" sizes=\"(max-width: 300px) 100vw, 300px\" \/><\/p>\n<p>L\u2019\u00e9cran mural ORAY Cineflex a l\u2019avantage de rester discret dans votre salle de projection, une fixation simple au mur ou au plafond permettant un encastrement dans un caisson, ce qui le rend plus adapt\u00e9 \u00e0 vos besoins de projection. Sa toile blanc mat dissimul\u00e9e sous un carter en t\u00f4le d\u2019acier blanc laqu\u00e9 le rend presque invisible mais pendant son utilisation, l\u2019ORAY Cin\u00e9flex offre un confort visuel incroyable avec ses dimensions de 180 x 180 cm, son format 1,1 et sa surface impressionnante, \u00a0sans oublier son \u00e9cran manuel abordable \u00e0 la finition raffin\u00e9e.<\/p>\n","protected":false},"featured_media":5392,"comment_status":"open","ping_status":"closed","template":"","meta":[],"product_cat":[356],"product_tag":[],"class_list":{"0":"post-5393","1":"product","2":"type-product","3":"status-publish","4":"has-post-thumbnail","6":"product_cat-ecran-projection","8":"first","9":"instock","10":"sale","11":"taxable","12":"shipping-taxable","13":"purchasable","14":"product-type-simple"},"_links":{"self":[{"href":"https:\/\/integratel.ma\/index.php\/wp-json\/wp\/v2\/product\/5393"}],"collection":[{"href":"https:\/\/integratel.ma\/index.php\/wp-json\/wp\/v2\/product"}],"about":[{"href":"https:\/\/integratel.ma\/index.php\/wp-json\/wp\/v2\/types\/product"}],"replies":[{"embeddable":true,"href":"https:\/\/integratel.ma\/index.php\/wp-json\/wp\/v2\/comments?post=5393"}],"wp:featuredmedia":[{"embeddable":true,"href":"https:\/\/integratel.ma\/index.php\/wp-json\/wp\/v2\/media\/5392"}],"wp:attachment":[{"href":"https:\/\/integratel.ma\/index.php\/wp-json\/wp\/v2\/media?parent=5393"}],"wp:term":[{"taxonomy":"product_cat","embeddable":true,"href":"https:\/\/integratel.ma\/index.php\/wp-json\/wp\/v2\/product_cat?post=5393"},{"taxonomy":"product_tag","embeddable":true,"href":"https:\/\/integratel.ma\/index.php\/wp-json\/wp\/v2\/product_tag?post=5393"}],"curies":[{"name":"wp","href":"https:\/\/api.w.org\/{rel}","templated":true}]}}