{"id":5317,"date":"2023-05-02T16:09:20","date_gmt":"2023-05-02T15:09:20","guid":{"rendered":"https:\/\/integratel.ma\/index.php\/product\/itel-tv-s3250-32-led-hd-60hz-resolution-13667668-2-hdmi-garantie-1-an-s3250\/"},"modified":"2023-05-19T15:23:17","modified_gmt":"2023-05-19T14:23:17","slug":"itel-tv-s3250-32-led-hd-13667668","status":"publish","type":"product","link":"https:\/\/integratel.ma\/index.php\/product\/itel-tv-s3250-32-led-hd-13667668\/","title":{"rendered":"ITEL TV S3250 32&Prime; LED HD (1366*7668)"},"content":{"rendered":"","protected":false},"excerpt":{"rendered":"<p><img decoding=\"async\" src=\"https:\/\/integratel.ma\/wp-content\/uploads\/2023\/05\/117-300x150.jpg\" width=\"180px\" class=\"alignnone size-medium wp-image-6860\" srcset=\"https:\/\/integratel.ma\/wp-content\/uploads\/2023\/05\/117-300x150.jpg 300w, https:\/\/integratel.ma\/wp-content\/uploads\/2023\/05\/117-1024x512.jpg 1024w, https:\/\/integratel.ma\/wp-content\/uploads\/2023\/05\/117-768x384.jpg 768w, https:\/\/integratel.ma\/wp-content\/uploads\/2023\/05\/117-60x30.jpg 60w, https:\/\/integratel.ma\/wp-content\/uploads\/2023\/05\/117-110x55.jpg 110w, https:\/\/integratel.ma\/wp-content\/uploads\/2023\/05\/117-650x325.jpg 650w, https:\/\/integratel.ma\/wp-content\/uploads\/2023\/05\/117-90x45.jpg 90w, https:\/\/integratel.ma\/wp-content\/uploads\/2023\/05\/117-64x32.jpg 64w, https:\/\/integratel.ma\/wp-content\/uploads\/2023\/05\/117.jpg 1200w\" sizes=\"(max-width: 300px) 100vw, 300px\" \/><br \/>\n<br \/>\nS3250 de la s\u00e9rie S utilise un algorithme avanc\u00e9 d\u2019am\u00e9lioration de la qualit\u00e9 de l\u2019image,<br \/>\nam\u00e9liore consid\u00e9rablement la qualit\u00e9 de n\u2019importe quelle image et d\u00e9couvre les d\u00e9tails cach\u00e9s.<br \/>\nMaintenant, voyez les couleurs telles qu\u2019elles \u00e9taient cens\u00e9es \u00eatre vues avec Wide Colour Enhancer Plus.<br \/>\nt\u00e9l\u00e9viseur plat HD S3250 sans cadre 32\u2033 qui offre des performances splendides,<br \/>\nla connectivit\u00e9 USB, R\u00e9cepteur Int\u00e9gr\u00e9, LED HD, TNT et deux HDMI.<br \/>\nS\u00e9rie S \/ T\u00e9l\u00e9vision par satellite int\u00e9gr\u00e9<br \/>\nMeilleur compagnon pour divertissement \u00e0 domicile<br \/>\nProtection contre le survoltage<br \/>\nLecteur multim\u00e9dia USB<br \/>\nHaut parleur super lumineux et plus fort<\/p>\n","protected":false},"featured_media":6852,"comment_status":"open","ping_status":"closed","template":"","meta":[],"product_cat":[343],"product_tag":[],"class_list":{"0":"post-5317","1":"product","2":"type-product","3":"status-publish","4":"has-post-thumbnail","6":"product_cat-televiseur","8":"first","9":"instock","10":"sale","11":"taxable","12":"shipping-taxable","13":"purchasable","14":"product-type-simple"},"_links":{"self":[{"href":"https:\/\/integratel.ma\/index.php\/wp-json\/wp\/v2\/product\/5317"}],"collection":[{"href":"https:\/\/integratel.ma\/index.php\/wp-json\/wp\/v2\/product"}],"about":[{"href":"https:\/\/integratel.ma\/index.php\/wp-json\/wp\/v2\/types\/product"}],"replies":[{"embeddable":true,"href":"https:\/\/integratel.ma\/index.php\/wp-json\/wp\/v2\/comments?post=5317"}],"wp:featuredmedia":[{"embeddable":true,"href":"https:\/\/integratel.ma\/index.php\/wp-json\/wp\/v2\/media\/6852"}],"wp:attachment":[{"href":"https:\/\/integratel.ma\/index.php\/wp-json\/wp\/v2\/media?parent=5317"}],"wp:term":[{"taxonomy":"product_cat","embeddable":true,"href":"https:\/\/integratel.ma\/index.php\/wp-json\/wp\/v2\/product_cat?post=5317"},{"taxonomy":"product_tag","embeddable":true,"href":"https:\/\/integratel.ma\/index.php\/wp-json\/wp\/v2\/product_tag?post=5317"}],"curies":[{"name":"wp","href":"https:\/\/api.w.org\/{rel}","templated":true}]}}