{"id":5299,"date":"2023-05-02T16:09:16","date_gmt":"2023-05-02T15:09:16","guid":{"rendered":"https:\/\/integratel.ma\/index.php\/product\/dell-se2722h-led-monitor-full-hd-1080p-27-se2722h\/"},"modified":"2024-03-04T15:34:14","modified_gmt":"2024-03-04T14:34:14","slug":"ecran-27-full-hd-dell-se2722h","status":"publish","type":"product","link":"https:\/\/integratel.ma\/index.php\/product\/ecran-27-full-hd-dell-se2722h\/","title":{"rendered":"Dell SE2722H &#8211; LED monitor &#8211; Full HD (1080p) &#8211; 27&Prime; 36M"},"content":{"rendered":"<p>Dell SE2722H &#8211; LED monitor &#8211; Full HD (1080p) &#8211; 27&Prime;<\/p>\n","protected":false},"excerpt":{"rendered":"<p><img decoding=\"async\" class=\"alignnone size-medium wp-image-7699\" src=\"https:\/\/integratel.ma\/wp-content\/uploads\/2023\/05\/DT_AuthorizedPartner_SGM2I_iris_ma-300x87.png\" alt=\"\" width=\"300\" height=\"87\" srcset=\"https:\/\/integratel.ma\/wp-content\/uploads\/2023\/05\/DT_AuthorizedPartner_SGM2I_iris_ma-300x87.png 300w, https:\/\/integratel.ma\/wp-content\/uploads\/2023\/05\/DT_AuthorizedPartner_SGM2I_iris_ma-60x17.png 60w, https:\/\/integratel.ma\/wp-content\/uploads\/2023\/05\/DT_AuthorizedPartner_SGM2I_iris_ma-110x32.png 110w, https:\/\/integratel.ma\/wp-content\/uploads\/2023\/05\/DT_AuthorizedPartner_SGM2I_iris_ma-90x26.png 90w, https:\/\/integratel.ma\/wp-content\/uploads\/2023\/05\/DT_AuthorizedPartner_SGM2I_iris_ma-64x19.png 64w, https:\/\/integratel.ma\/wp-content\/uploads\/2023\/05\/DT_AuthorizedPartner_SGM2I_iris_ma.png 576w\" sizes=\"(max-width: 300px) 100vw, 300px\" \/><\/p>\n<p>Taille\u00a0de l&rsquo;\u00e9cran: 27&Prime; &#8211; Format 16:9<br \/>\nType de Dalle: VA &#8211; R\u00e9tro\u00e9clairage: LED<br \/>\nR\u00e9solution: Full HD (1080p) 1920 x 1080<br \/>\nTemps de r\u00e9ponse: 8 ms (gris \u00e0 gris normal) ; 5 ms (gris \u00e0 gris rapide) ; 4 ms (gris \u00e0 gris extr\u00eame)<br \/>\nTaux de rafra\u00eechissement: 75 Hz<br \/>\nConnecteurs d&rsquo;entr\u00e9e: HDMI, VGA<br \/>\nR\u00e9glages de la position de l&rsquo;\u00e9cran: Inclinaison (de -5\u00b0 \u00e0 21\u00b0)<\/p>\n","protected":false},"featured_media":5298,"comment_status":"open","ping_status":"closed","template":"","meta":[],"product_cat":[328],"product_tag":[],"class_list":{"0":"post-5299","1":"product","2":"type-product","3":"status-publish","4":"has-post-thumbnail","6":"product_cat-ecran-pc","8":"first","9":"instock","10":"sale","11":"taxable","12":"shipping-taxable","13":"purchasable","14":"product-type-simple"},"_links":{"self":[{"href":"https:\/\/integratel.ma\/index.php\/wp-json\/wp\/v2\/product\/5299"}],"collection":[{"href":"https:\/\/integratel.ma\/index.php\/wp-json\/wp\/v2\/product"}],"about":[{"href":"https:\/\/integratel.ma\/index.php\/wp-json\/wp\/v2\/types\/product"}],"replies":[{"embeddable":true,"href":"https:\/\/integratel.ma\/index.php\/wp-json\/wp\/v2\/comments?post=5299"}],"wp:featuredmedia":[{"embeddable":true,"href":"https:\/\/integratel.ma\/index.php\/wp-json\/wp\/v2\/media\/5298"}],"wp:attachment":[{"href":"https:\/\/integratel.ma\/index.php\/wp-json\/wp\/v2\/media?parent=5299"}],"wp:term":[{"taxonomy":"product_cat","embeddable":true,"href":"https:\/\/integratel.ma\/index.php\/wp-json\/wp\/v2\/product_cat?post=5299"},{"taxonomy":"product_tag","embeddable":true,"href":"https:\/\/integratel.ma\/index.php\/wp-json\/wp\/v2\/product_tag?post=5299"}],"curies":[{"name":"wp","href":"https:\/\/api.w.org\/{rel}","templated":true}]}}