{"id":5175,"date":"2023-05-02T16:08:56","date_gmt":"2023-05-02T15:08:56","guid":{"rendered":"https:\/\/integratel.ma\/index.php\/product\/lenovo-legion-h300-stereo-gaming-headset-gxd0t69863\/"},"modified":"2023-06-21T14:38:08","modified_gmt":"2023-06-21T13:38:08","slug":"casque-jeu-stereo-lenovo-legion-h300","status":"publish","type":"product","link":"https:\/\/integratel.ma\/index.php\/product\/casque-jeu-stereo-lenovo-legion-h300\/","title":{"rendered":"CASQUE JEU STEREO LENOVO LEGION H300"},"content":{"rendered":"","protected":false},"excerpt":{"rendered":"<p><img decoding=\"async\" class=\"alignnone size-full wp-image-6627\" src=\"https:\/\/integratel.ma\/wp-content\/uploads\/2023\/05\/lenovo-e1686744388445.jpeg\" alt=\"\" width=\"168\" height=\"63\" srcset=\"https:\/\/integratel.ma\/wp-content\/uploads\/2023\/05\/lenovo-e1686744388445.jpeg 168w, https:\/\/integratel.ma\/wp-content\/uploads\/2023\/05\/lenovo-e1686744388445-60x23.jpeg 60w, https:\/\/integratel.ma\/wp-content\/uploads\/2023\/05\/lenovo-e1686744388445-110x41.jpeg 110w, https:\/\/integratel.ma\/wp-content\/uploads\/2023\/05\/lenovo-e1686744388445-90x34.jpeg 90w, https:\/\/integratel.ma\/wp-content\/uploads\/2023\/05\/lenovo-e1686744388445-64x24.jpeg 64w\" sizes=\"(max-width: 168px) 100vw, 168px\" \/><\/p>\n<p>Entendez tous les d\u00e9tails avec les pilotes 50 mm<br \/>\nR\u00e9glage audio \u00e0 la perfection. (Fr\u00e9quence : 20 Hz \u00e0 20 KHz, Imp\u00e9dance : 32 ohms, Sensibilit\u00e9 : 96 dB)<br \/>\nMicrophone passif r\u00e9tractable et anti-parasite, con\u00e7u pour\u00a0les passionn\u00e9s de jeux<br \/>\nContr\u00f4le audio en ligne avec bouton de contr\u00f4le du volume et de coupure du micro<br \/>\nSerre-t\u00eate \u00e0 suspension robuste con\u00e7u pour un confort durable<br \/>\nCoussinets en tissu doux avec cuir polyur\u00e9thane (PU) pour les jeux d&rsquo;endurance<br \/>\nC\u00e2ble tress\u00e9 1,8 m avec une connexion 3,5 mm (d\u00e9doubleur en Y inclus.) Compatible tous appareils (PC, Mobile, Xbox, PS4, Nintendo Switch)<\/p>\n","protected":false},"featured_media":7359,"comment_status":"open","ping_status":"closed","template":"","meta":[],"product_cat":[321],"product_tag":[],"class_list":{"0":"post-5175","1":"product","2":"type-product","3":"status-publish","4":"has-post-thumbnail","6":"product_cat-casque-ecouteurs","8":"first","9":"instock","10":"sale","11":"taxable","12":"shipping-taxable","13":"purchasable","14":"product-type-simple"},"_links":{"self":[{"href":"https:\/\/integratel.ma\/index.php\/wp-json\/wp\/v2\/product\/5175"}],"collection":[{"href":"https:\/\/integratel.ma\/index.php\/wp-json\/wp\/v2\/product"}],"about":[{"href":"https:\/\/integratel.ma\/index.php\/wp-json\/wp\/v2\/types\/product"}],"replies":[{"embeddable":true,"href":"https:\/\/integratel.ma\/index.php\/wp-json\/wp\/v2\/comments?post=5175"}],"wp:featuredmedia":[{"embeddable":true,"href":"https:\/\/integratel.ma\/index.php\/wp-json\/wp\/v2\/media\/7359"}],"wp:attachment":[{"href":"https:\/\/integratel.ma\/index.php\/wp-json\/wp\/v2\/media?parent=5175"}],"wp:term":[{"taxonomy":"product_cat","embeddable":true,"href":"https:\/\/integratel.ma\/index.php\/wp-json\/wp\/v2\/product_cat?post=5175"},{"taxonomy":"product_tag","embeddable":true,"href":"https:\/\/integratel.ma\/index.php\/wp-json\/wp\/v2\/product_tag?post=5175"}],"curies":[{"name":"wp","href":"https:\/\/api.w.org\/{rel}","templated":true}]}}