{"id":5055,"date":"2023-05-02T16:08:36","date_gmt":"2023-05-02T15:08:36","guid":{"rendered":"https:\/\/integratel.ma\/index.php\/product\/samsung-s23-lavender-6-1-snapdragon-8go-256go-android-5g-dual-sim-12mpx-12mpx-10mpx-5mpx-sm-s911blicmwd\/"},"modified":"2023-08-03T14:09:03","modified_gmt":"2023-08-03T13:09:03","slug":"samsung-s23-lavender-black-green-256go-dual-sim","status":"publish","type":"product","link":"https:\/\/integratel.ma\/index.php\/product\/samsung-s23-lavender-black-green-256go-dual-sim\/","title":{"rendered":"SAMSUNG S23 (LAVENDER, BLACK, GREEN, CREAM) 256GO DUAL SIM"},"content":{"rendered":"","protected":false},"excerpt":{"rendered":"<p><img decoding=\"async\" class=\"alignnone size-full wp-image-6633\" src=\"https:\/\/integratel.ma\/wp-content\/uploads\/2023\/05\/samsung.jpeg\" alt=\"\" width=\"183\" height=\"110\" \/><br \/>\n\u00c9cran: 2340 x 1080 (FHD+), Luminosit\u00e9 maximale 1750 nits, HDR 1200 nits, HBM 1200 nits, Taux de rafra\u00eechissement adaptatif 48 \u00e0 120 Hz<br \/>\nTaille \u00e9cran: 6,1\u201d<br \/>\nProcesseur: Snapdragon\u00ae 8 Gen 2 Mobile Platform for Galaxy Octo-C\u0153ur<br \/>\nM\u00e9moire: RAM 8 Go &#8211; 256 GB stockage<br \/>\nAppareil photo: Capteur Selfie 12 Mpx, Capteur Ultra Grand Angle 12 Mpx, Capteur Grand Angle 50 Mpx, T\u00e9l\u00e9objectifs 10 Mpx, Zoom optique 3x, zoom num\u00e9rique jusqu\u2019\u00e0 30x<br \/>\nAndroid<br \/>\nConnectivit\u00e9: 5G<br \/>\nBatterie: 3900 (mAh, Typical)<br \/>\nDimensions: 146,3 1 x 70,9 x 7,6<br \/>\nPoids: 167 g<\/p>\n","protected":false},"featured_media":6815,"comment_status":"open","ping_status":"closed","template":"","meta":[],"product_cat":[266],"product_tag":[],"class_list":{"0":"post-5055","1":"product","2":"type-product","3":"status-publish","4":"has-post-thumbnail","6":"product_cat-smartphone","8":"first","9":"instock","10":"sale","11":"taxable","12":"shipping-taxable","13":"purchasable","14":"product-type-variable"},"_links":{"self":[{"href":"https:\/\/integratel.ma\/index.php\/wp-json\/wp\/v2\/product\/5055"}],"collection":[{"href":"https:\/\/integratel.ma\/index.php\/wp-json\/wp\/v2\/product"}],"about":[{"href":"https:\/\/integratel.ma\/index.php\/wp-json\/wp\/v2\/types\/product"}],"replies":[{"embeddable":true,"href":"https:\/\/integratel.ma\/index.php\/wp-json\/wp\/v2\/comments?post=5055"}],"wp:featuredmedia":[{"embeddable":true,"href":"https:\/\/integratel.ma\/index.php\/wp-json\/wp\/v2\/media\/6815"}],"wp:attachment":[{"href":"https:\/\/integratel.ma\/index.php\/wp-json\/wp\/v2\/media?parent=5055"}],"wp:term":[{"taxonomy":"product_cat","embeddable":true,"href":"https:\/\/integratel.ma\/index.php\/wp-json\/wp\/v2\/product_cat?post=5055"},{"taxonomy":"product_tag","embeddable":true,"href":"https:\/\/integratel.ma\/index.php\/wp-json\/wp\/v2\/product_tag?post=5055"}],"curies":[{"name":"wp","href":"https:\/\/api.w.org\/{rel}","templated":true}]}}