{"id":5011,"date":"2023-05-02T16:08:26","date_gmt":"2023-05-02T15:08:26","guid":{"rendered":"https:\/\/integratel.ma\/index.php\/product\/samsung-smartphone-a34-awesome-graphite-6-6-octacore-8go-128go-android-5g-ds-13mpx48mpx8mpx5mpx12m-sm-a346ezkcmwd\/"},"modified":"2024-03-04T15:32:55","modified_gmt":"2024-03-04T14:32:55","slug":"samsung-galaxy-a34-5g-dual-sim-128-go","status":"publish","type":"product","link":"https:\/\/integratel.ma\/index.php\/product\/samsung-galaxy-a34-5g-dual-sim-128-go\/","title":{"rendered":"SAMSUNG GALAXY A34 5G (DUAL SIM) &#8211; 128 Go"},"content":{"rendered":"","protected":false},"excerpt":{"rendered":"<p><img decoding=\"async\" class=\"alignnone size-full wp-image-6633\" src=\"https:\/\/integratel.ma\/wp-content\/uploads\/2023\/05\/samsung-e1684768323292.jpeg\" alt=\"\" width=\"173\" height=\"35\" srcset=\"https:\/\/integratel.ma\/wp-content\/uploads\/2023\/05\/samsung-e1684768323292.jpeg 173w, https:\/\/integratel.ma\/wp-content\/uploads\/2023\/05\/samsung-e1684768323292-60x12.jpeg 60w, https:\/\/integratel.ma\/wp-content\/uploads\/2023\/05\/samsung-e1684768323292-110x22.jpeg 110w, https:\/\/integratel.ma\/wp-content\/uploads\/2023\/05\/samsung-e1684768323292-90x18.jpeg 90w, https:\/\/integratel.ma\/wp-content\/uploads\/2023\/05\/samsung-e1684768323292-64x13.jpeg 64w\" sizes=\"(max-width: 173px) 100vw, 173px\" \/><\/p>\n<p>\u00c9cran: Super AMOLED<br \/>\nTaille \u00e9cran: 6.6&Prime; (166.5mm)<br \/>\nProcesseur: Octa-Core 2.6 GHz, 2 GHz<br \/>\nM\u00e9moire: RAM 8 Go &#8211; 128 GB stockage<br \/>\nCarte m\u00e9moire: MicroSD (jusqu\u2019\u00e0 1 To)<br \/>\nAppareil photo: Cam\u00e9ra Principale : 48.0 MP + 8.0 MP + 5.0 MP \/ F1.8, F2.2, F2.4 &#8211; Auto Focus &#8211; Flash, Cam\u00e9ra frontale: 13.0 MP \/ F2.2 &#8211; R\u00e9solution de l&rsquo;enregistrement vid\u00e9o UHD 4K (3,840 x 2,160) \u00e0 30 images\/s<br \/>\nAndroid<br \/>\nConnectivit\u00e9: USB de type C, Wi-Fi 802.11 a\/b\/g\/n\/ac 2,4 GHz + 5 GHz, VHT80 MIMO, Wi-Fi Direct, Bluetooth v5.3, Smart Switch (version PC)<br \/>\nBatterie: 5000 mAh<br \/>\nDimensions: 161.3 x 78.1 x 8.2 mm<br \/>\nPoids: 199 g<\/p>\n","protected":false},"featured_media":7250,"comment_status":"open","ping_status":"closed","template":"","meta":[],"product_cat":[266],"product_tag":[],"class_list":{"0":"post-5011","1":"product","2":"type-product","3":"status-publish","4":"has-post-thumbnail","6":"product_cat-smartphone","8":"first","9":"instock","10":"sale","11":"taxable","12":"shipping-taxable","13":"purchasable","14":"product-type-variable"},"_links":{"self":[{"href":"https:\/\/integratel.ma\/index.php\/wp-json\/wp\/v2\/product\/5011"}],"collection":[{"href":"https:\/\/integratel.ma\/index.php\/wp-json\/wp\/v2\/product"}],"about":[{"href":"https:\/\/integratel.ma\/index.php\/wp-json\/wp\/v2\/types\/product"}],"replies":[{"embeddable":true,"href":"https:\/\/integratel.ma\/index.php\/wp-json\/wp\/v2\/comments?post=5011"}],"wp:featuredmedia":[{"embeddable":true,"href":"https:\/\/integratel.ma\/index.php\/wp-json\/wp\/v2\/media\/7250"}],"wp:attachment":[{"href":"https:\/\/integratel.ma\/index.php\/wp-json\/wp\/v2\/media?parent=5011"}],"wp:term":[{"taxonomy":"product_cat","embeddable":true,"href":"https:\/\/integratel.ma\/index.php\/wp-json\/wp\/v2\/product_cat?post=5011"},{"taxonomy":"product_tag","embeddable":true,"href":"https:\/\/integratel.ma\/index.php\/wp-json\/wp\/v2\/product_tag?post=5011"}],"curies":[{"name":"wp","href":"https:\/\/api.w.org\/{rel}","templated":true}]}}