{"id":4911,"date":"2023-05-02T16:08:09","date_gmt":"2023-05-02T15:08:09","guid":{"rendered":"https:\/\/integratel.ma\/index.php\/product\/hp-659a-black-original-laserjet-toner-cartridge-16000-pages-pour-m856-serie-m776-series-w2010a\/"},"modified":"2024-03-04T15:32:46","modified_gmt":"2024-03-04T14:32:46","slug":"hp-659a-black-original-laserjet-toner-cartridge-16000-pages-pour-m856-serie-m776-series-w2010a","status":"publish","type":"product","link":"https:\/\/integratel.ma\/index.php\/product\/hp-659a-black-original-laserjet-toner-cartridge-16000-pages-pour-m856-serie-m776-series-w2010a\/","title":{"rendered":"HP\u00a0659A\u00a0Black\u00a0Original\u00a0LaserJet\u00a0Toner\u00a0Cartridge\u00a016000\u00a0Pages\u00a0pour\u00a0M856\u00a0s\u00e9rie &#038; M776 s\u00e9ries"},"content":{"rendered":"<p>HP M856 s\u00e9rie &#038; M776 s\u00e9ries Compatible avec: HP 659A Black Original\u00a0 LaserJet Toner Cartridge 16000<\/p>\n","protected":false},"excerpt":{"rendered":"<p>HP M856 s\u00e9rie &#038; M776 s\u00e9ries Compatible avec: HP 659A Black Original\u00a0 LaserJet Toner Cartridge 16000<\/p>\n","protected":false},"featured_media":4910,"comment_status":"open","ping_status":"closed","template":"","meta":[],"product_cat":[253],"product_tag":[],"class_list":{"0":"post-4911","1":"product","2":"type-product","3":"status-publish","4":"has-post-thumbnail","6":"product_cat-consommable","8":"first","9":"instock","10":"sale","11":"taxable","12":"shipping-taxable","13":"purchasable","14":"product-type-simple"},"_links":{"self":[{"href":"https:\/\/integratel.ma\/index.php\/wp-json\/wp\/v2\/product\/4911"}],"collection":[{"href":"https:\/\/integratel.ma\/index.php\/wp-json\/wp\/v2\/product"}],"about":[{"href":"https:\/\/integratel.ma\/index.php\/wp-json\/wp\/v2\/types\/product"}],"replies":[{"embeddable":true,"href":"https:\/\/integratel.ma\/index.php\/wp-json\/wp\/v2\/comments?post=4911"}],"wp:featuredmedia":[{"embeddable":true,"href":"https:\/\/integratel.ma\/index.php\/wp-json\/wp\/v2\/media\/4910"}],"wp:attachment":[{"href":"https:\/\/integratel.ma\/index.php\/wp-json\/wp\/v2\/media?parent=4911"}],"wp:term":[{"taxonomy":"product_cat","embeddable":true,"href":"https:\/\/integratel.ma\/index.php\/wp-json\/wp\/v2\/product_cat?post=4911"},{"taxonomy":"product_tag","embeddable":true,"href":"https:\/\/integratel.ma\/index.php\/wp-json\/wp\/v2\/product_tag?post=4911"}],"curies":[{"name":"wp","href":"https:\/\/api.w.org\/{rel}","templated":true}]}}