{"id":3491,"date":"2023-05-02T16:05:15","date_gmt":"2023-05-02T15:05:15","guid":{"rendered":"https:\/\/integratel.ma\/index.php\/product\/epson-thermique-epson-tm-p20-552-mono-sfp-a4-usb-2-0-type-mini-b-c31ce14552\/"},"modified":"2024-03-04T15:33:50","modified_gmt":"2024-03-04T14:33:50","slug":"imprimante-de-tickets-portable-epson-tm-p20-552","status":"publish","type":"product","link":"https:\/\/integratel.ma\/index.php\/product\/imprimante-de-tickets-portable-epson-tm-p20-552\/","title":{"rendered":"Epson Thermique Epson TM-P20 (552) Mono SFP A4 USB 2.0 type mini-B,"},"content":{"rendered":"","protected":false},"excerpt":{"rendered":"<p><img decoding=\"async\" class=\"alignnone size-full wp-image-6621\" src=\"https:\/\/integratel.ma\/wp-content\/uploads\/2023\/05\/epson-e1685533468577.jpeg\" alt=\"\" width=\"183\" height=\"69\" srcset=\"https:\/\/integratel.ma\/wp-content\/uploads\/2023\/05\/epson-e1685533468577.jpeg 183w, https:\/\/integratel.ma\/wp-content\/uploads\/2023\/05\/epson-e1685533468577-60x23.jpeg 60w, https:\/\/integratel.ma\/wp-content\/uploads\/2023\/05\/epson-e1685533468577-110x41.jpeg 110w, https:\/\/integratel.ma\/wp-content\/uploads\/2023\/05\/epson-e1685533468577-90x34.jpeg 90w, https:\/\/integratel.ma\/wp-content\/uploads\/2023\/05\/epson-e1685533468577-64x24.jpeg 64w\" sizes=\"(max-width: 183px) 100vw, 183px\" \/><\/p>\n<p>Imprimez facilement vos re\u00e7us et tickets en d\u00e9placement avec l&rsquo;imprimante EPSON TM-P20. Ultra-l\u00e9g\u00e8re et compacte, elle offre des vitesses d&rsquo;impression \u00e9lev\u00e9es jusqu&rsquo;\u00e0 100mm\/sec. Sa batterie longue dur\u00e9e permet jusqu&rsquo;\u00e0 8 heures d&rsquo;utilisation continue.\u00a0Gr\u00e2ce \u00e0 la connectivit\u00e9 NFC et au jumelage par code \u00e0 barres, elle se connecte facilement \u00e0 vos appareils mobiles. Sa robustesse garantit un fonctionnement sans interruption, r\u00e9sistant aux chutes et certifi\u00e9e IP-54 en mati\u00e8re de choc et d&rsquo;\u00e9tanch\u00e9it\u00e9. Facile \u00e0 utiliser avec un chargement de papier pratique, elle est l&rsquo;outil id\u00e9al pour les professionnels en d\u00e9placement.<\/p>\n","protected":false},"featured_media":3490,"comment_status":"open","ping_status":"closed","template":"","meta":[],"product_cat":[245],"product_tag":[],"class_list":{"0":"post-3491","1":"product","2":"type-product","3":"status-publish","4":"has-post-thumbnail","6":"product_cat-terminal-point-de-vente","8":"first","9":"instock","10":"sale","11":"taxable","12":"shipping-taxable","13":"purchasable","14":"product-type-simple"},"_links":{"self":[{"href":"https:\/\/integratel.ma\/index.php\/wp-json\/wp\/v2\/product\/3491"}],"collection":[{"href":"https:\/\/integratel.ma\/index.php\/wp-json\/wp\/v2\/product"}],"about":[{"href":"https:\/\/integratel.ma\/index.php\/wp-json\/wp\/v2\/types\/product"}],"replies":[{"embeddable":true,"href":"https:\/\/integratel.ma\/index.php\/wp-json\/wp\/v2\/comments?post=3491"}],"wp:featuredmedia":[{"embeddable":true,"href":"https:\/\/integratel.ma\/index.php\/wp-json\/wp\/v2\/media\/3490"}],"wp:attachment":[{"href":"https:\/\/integratel.ma\/index.php\/wp-json\/wp\/v2\/media?parent=3491"}],"wp:term":[{"taxonomy":"product_cat","embeddable":true,"href":"https:\/\/integratel.ma\/index.php\/wp-json\/wp\/v2\/product_cat?post=3491"},{"taxonomy":"product_tag","embeddable":true,"href":"https:\/\/integratel.ma\/index.php\/wp-json\/wp\/v2\/product_tag?post=3491"}],"curies":[{"name":"wp","href":"https:\/\/api.w.org\/{rel}","templated":true}]}}