{"id":3197,"date":"2023-05-02T16:04:38","date_gmt":"2023-05-02T15:04:38","guid":{"rendered":"https:\/\/integratel.ma\/index.php\/product\/hp-laser-m480f-mfp-4en1-reseau-couleur-a4-recto-verso-40-bwppm-40-ppmcol-40-12m-3qa55a\/"},"modified":"2024-03-04T15:33:43","modified_gmt":"2024-03-04T14:33:43","slug":"imprimante-multifonction-laser-couleur-hp-laserjet-enterprise-mfp-m480f","status":"publish","type":"product","link":"https:\/\/integratel.ma\/index.php\/product\/imprimante-multifonction-laser-couleur-hp-laserjet-enterprise-mfp-m480f\/","title":{"rendered":"HP\u00a0Laser\u00a0M480f\u00a0MFP\u00a04en1\u00a0R\u00e9seau\u00a0Couleur\u00a0A4\u00a0Recto\u00a0Verso\u00a040\u00a0B&#038;WPPM\u00a040\u00a0PPMCOL\u00a040\u00a012M"},"content":{"rendered":"","protected":false},"excerpt":{"rendered":"<p><img decoding=\"async\" class=\"alignnone  wp-image-7641\" src=\"https:\/\/integratel.ma\/wp-content\/uploads\/2023\/05\/HP_Business_Partner_iris_ma_SGM2I-1-300x141.png\" alt=\"\" width=\"234\" height=\"110\" \/><\/p>\n<p>Impression, copie, scan, fax<br \/>\nVitesse d&rsquo;impression noir: 27 pages par minute (norme ISO)<br \/>\nVitesse d&rsquo;impression couleur: 27 pages par minute (norme ISO)<br \/>\nQualit\u00e9 d&rsquo;impression noire: Jusqu&rsquo;\u00e0 600 x 600\u00a0ppp<br \/>\nQualit\u00e9 d&rsquo;impression couleur: Jusqu&rsquo;\u00e0 600 x 600\u00a0ppp<br \/>\nVolume de pages mensuel recommand\u00e9: 900 \u00e0 4\u00a0800\u00a0pages<br \/>\nImpression recto\/verso: Automatique (par d\u00e9faut)<br \/>\nFonctionne avec: 4 (noire, cyan, magenta, jaune)<br \/>\nConnectivit\u00e9: 2\u00a0ports h\u00f4te USB 2.0 haut d\u00e9bit; 1\u00a0port p\u00e9riph\u00e9rique USB 2.0 haut d\u00e9bit\u00a0; 1\u00a0port r\u00e9seau Gigabit Ethernet 10\/100\/1000T; 1\u00a0port de t\u00e9l\u00e9copie<\/p>\n","protected":false},"featured_media":3196,"comment_status":"open","ping_status":"closed","template":"","meta":[],"product_cat":[223],"product_tag":[],"class_list":{"0":"post-3197","1":"product","2":"type-product","3":"status-publish","4":"has-post-thumbnail","6":"product_cat-imprimante","8":"first","9":"instock","10":"sale","11":"taxable","12":"shipping-taxable","13":"purchasable","14":"product-type-simple"},"_links":{"self":[{"href":"https:\/\/integratel.ma\/index.php\/wp-json\/wp\/v2\/product\/3197"}],"collection":[{"href":"https:\/\/integratel.ma\/index.php\/wp-json\/wp\/v2\/product"}],"about":[{"href":"https:\/\/integratel.ma\/index.php\/wp-json\/wp\/v2\/types\/product"}],"replies":[{"embeddable":true,"href":"https:\/\/integratel.ma\/index.php\/wp-json\/wp\/v2\/comments?post=3197"}],"wp:featuredmedia":[{"embeddable":true,"href":"https:\/\/integratel.ma\/index.php\/wp-json\/wp\/v2\/media\/3196"}],"wp:attachment":[{"href":"https:\/\/integratel.ma\/index.php\/wp-json\/wp\/v2\/media?parent=3197"}],"wp:term":[{"taxonomy":"product_cat","embeddable":true,"href":"https:\/\/integratel.ma\/index.php\/wp-json\/wp\/v2\/product_cat?post=3197"},{"taxonomy":"product_tag","embeddable":true,"href":"https:\/\/integratel.ma\/index.php\/wp-json\/wp\/v2\/product_tag?post=3197"}],"curies":[{"name":"wp","href":"https:\/\/api.w.org\/{rel}","templated":true}]}}