{"id":3161,"date":"2023-05-02T16:04:34","date_gmt":"2023-05-02T15:04:34","guid":{"rendered":"https:\/\/integratel.ma\/index.php\/product\/hp-officejet-pro-8023-couleur-multi-fonction-4-en-1-a4-reseau-wifi-r-v-ppm-bw-20-ppm-col-10-1kr64b\/"},"modified":"2024-03-04T15:33:43","modified_gmt":"2024-03-04T14:33:43","slug":"imprimante-multifonction-jet-dencre-hp-officejet-pro-8023","status":"publish","type":"product","link":"https:\/\/integratel.ma\/index.php\/product\/imprimante-multifonction-jet-dencre-hp-officejet-pro-8023\/","title":{"rendered":"HP\u00a0OfficeJet\u00a0Pro\u00a08023\u00a0Couleur\u00a0Multi\u00a0fonction\u00a04\u00a0en 1 A4\u00a0R\u00e9seau\u00a0Wifi\u00a0R\/V\u00a0PPM\u00a0B&#038;W\u00a020\u00a0PPM\u00a0Col\u00a010"},"content":{"rendered":"<p>HP\u00a0OfficeJet\u00a0Pro\u00a08023\u00a0Couleur\u00a0Multi\u00a0fonction\u00a04\u00a0en1A4\u00a0R\u00e9seau\u00a0Wifi\u00a0R\/V\u00a0PPM\u00a0B&#038;W\u00a020\u00a0PPM\u00a0Col\u00a010<\/p>\n","protected":false},"excerpt":{"rendered":"<p><img decoding=\"async\" class=\"alignnone wp-image-7641\" src=\"https:\/\/integratel.ma\/wp-content\/uploads\/2023\/05\/HP_Business_Partner_iris_ma_SGM2I-1-300x141.png\" alt=\"\" width=\"245\" height=\"115\" \/><\/p>\n<p>Impression, copie, scan, fax<br \/>\nVitesse d&rsquo;impression noir: 29 pages\/min (20 pages\/min en norme ISO)<br \/>\nVitesse d&rsquo;impression couleur: 25 pages\/min (10 pages\/min en norme ISO)<br \/>\nQualit\u00e9 d&rsquo;impression noire: 1 200 x 1 200 ppp rendus<br \/>\nQualit\u00e9 d&rsquo;impression couleur: R\u00e9solution optimis\u00e9e jusqu&rsquo;\u00e0 4800 x 1 200 ppp sur papier photo\u00a0HP\u00a0Advanced, jusqu&rsquo;\u00e0 1200 x 1200 ppp en entr\u00e9e<br \/>\nVolume de pages mensuel recommand\u00e9: Jusqu&rsquo;\u00e0 800 pages<br \/>\nImpression recto\/verso: Automatique (standard)<br \/>\nFonctionne avec: 4 Cartouches (noir, cyan, magenta, jaune)<br \/>\nConnectivit\u00e9: 1\u00a0port USB 2.0; 1 Ethernet; 1\u00a0WI-FI 802.11 a\/b\/g\/n; 1\u00a0RJ-11 Fax<br \/>\nEncres fournies avec l&rsquo;imprimante: HP 912 noir, cyan, magenta et jaune.<\/p>\n","protected":false},"featured_media":3160,"comment_status":"open","ping_status":"closed","template":"","meta":[],"product_cat":[223],"product_tag":[],"class_list":{"0":"post-3161","1":"product","2":"type-product","3":"status-publish","4":"has-post-thumbnail","6":"product_cat-imprimante","8":"first","9":"instock","10":"sale","11":"taxable","12":"shipping-taxable","13":"purchasable","14":"product-type-simple"},"_links":{"self":[{"href":"https:\/\/integratel.ma\/index.php\/wp-json\/wp\/v2\/product\/3161"}],"collection":[{"href":"https:\/\/integratel.ma\/index.php\/wp-json\/wp\/v2\/product"}],"about":[{"href":"https:\/\/integratel.ma\/index.php\/wp-json\/wp\/v2\/types\/product"}],"replies":[{"embeddable":true,"href":"https:\/\/integratel.ma\/index.php\/wp-json\/wp\/v2\/comments?post=3161"}],"wp:featuredmedia":[{"embeddable":true,"href":"https:\/\/integratel.ma\/index.php\/wp-json\/wp\/v2\/media\/3160"}],"wp:attachment":[{"href":"https:\/\/integratel.ma\/index.php\/wp-json\/wp\/v2\/media?parent=3161"}],"wp:term":[{"taxonomy":"product_cat","embeddable":true,"href":"https:\/\/integratel.ma\/index.php\/wp-json\/wp\/v2\/product_cat?post=3161"},{"taxonomy":"product_tag","embeddable":true,"href":"https:\/\/integratel.ma\/index.php\/wp-json\/wp\/v2\/product_tag?post=3161"}],"curies":[{"name":"wp","href":"https:\/\/api.w.org\/{rel}","templated":true}]}}