{"id":2771,"date":"2023-05-02T16:03:37","date_gmt":"2023-05-02T15:03:37","guid":{"rendered":"https:\/\/integratel.ma\/index.php\/product\/hp-15-i5-1235u-156fhd-8-go-256-go-ssd-cg-2gb-win11h-chalkboard-gray-12m-6l9k2ea\/"},"modified":"2023-06-23T11:38:15","modified_gmt":"2023-06-23T10:38:15","slug":"ordinateur-portable-hp-15-dw4005nk","status":"publish","type":"product","link":"https:\/\/integratel.ma\/index.php\/product\/ordinateur-portable-hp-15-dw4005nk\/","title":{"rendered":"ORDINATEUR PORTABLE HP 15-dw4005nk"},"content":{"rendered":"","protected":false},"excerpt":{"rendered":"<p><img decoding=\"async\" class=\"alignnone size-full wp-image-6623\" src=\"https:\/\/integratel.ma\/wp-content\/uploads\/2023\/05\/hp.jpeg\" alt=\"\" width=\"183\" height=\"110\" \/><\/p>\n<p>Processeur Intel\u00ae Core\u2122 i5-1235U (jusqu\u2019\u00e0 4,4 GHz avec la technologie Intel\u00ae Turbo Boost, m\u00e9moire cache L3 12 Mo, 10 c\u0153urs, 12 threads)<br \/>\nRAM: 8 Go de m\u00e9moire RAM DDR4-3200 MHz (1 x 8 Go)<br \/>\nDisque dur: SSD PCIe\u00ae NVMe\u2122 M.2 256 Go<br \/>\n\u00c9cran: Full HD d\u2019une diagonale de 39,6 cm (15,6 pouces) (1920 x 1080), micro-bords, antireflet, 250 nits, 45 % NTSC<br \/>\nCarte graphique: NVIDIA\u00ae GeForce\u00ae MX550 (2 Go de m\u00e9moire GDDR6 d\u00e9di\u00e9e)<br \/>\nWindows 11 Home<br \/>\nClavier: Noir profond, de grande taille avec pav\u00e9 num\u00e9rique, Fran\u00e7ais (AZERTY)<\/p>\n","protected":false},"featured_media":7404,"comment_status":"open","ping_status":"closed","template":"","meta":[],"product_cat":[133],"product_tag":[],"class_list":{"0":"post-2771","1":"product","2":"type-product","3":"status-publish","4":"has-post-thumbnail","6":"product_cat-pc-portable","8":"first","9":"instock","10":"sale","11":"taxable","12":"shipping-taxable","13":"purchasable","14":"product-type-simple"},"_links":{"self":[{"href":"https:\/\/integratel.ma\/index.php\/wp-json\/wp\/v2\/product\/2771"}],"collection":[{"href":"https:\/\/integratel.ma\/index.php\/wp-json\/wp\/v2\/product"}],"about":[{"href":"https:\/\/integratel.ma\/index.php\/wp-json\/wp\/v2\/types\/product"}],"replies":[{"embeddable":true,"href":"https:\/\/integratel.ma\/index.php\/wp-json\/wp\/v2\/comments?post=2771"}],"wp:featuredmedia":[{"embeddable":true,"href":"https:\/\/integratel.ma\/index.php\/wp-json\/wp\/v2\/media\/7404"}],"wp:attachment":[{"href":"https:\/\/integratel.ma\/index.php\/wp-json\/wp\/v2\/media?parent=2771"}],"wp:term":[{"taxonomy":"product_cat","embeddable":true,"href":"https:\/\/integratel.ma\/index.php\/wp-json\/wp\/v2\/product_cat?post=2771"},{"taxonomy":"product_tag","embeddable":true,"href":"https:\/\/integratel.ma\/index.php\/wp-json\/wp\/v2\/product_tag?post=2771"}],"curies":[{"name":"wp","href":"https:\/\/api.w.org\/{rel}","templated":true}]}}