{"id":2737,"date":"2023-05-02T16:03:31","date_gmt":"2023-05-02T15:03:31","guid":{"rendered":"https:\/\/integratel.ma\/index.php\/product\/hp-elite-x360-1040-g9-i7-1255u-14touch-16-go-512-go-ssd-w11p-36m-5p7u9es\/"},"modified":"2023-11-01T09:30:45","modified_gmt":"2023-11-01T08:30:45","slug":"ordinateur-portable-hp-elite-x360-1040-g9","status":"publish","type":"product","link":"https:\/\/integratel.ma\/index.php\/product\/ordinateur-portable-hp-elite-x360-1040-g9\/","title":{"rendered":"ORDINATEUR PORTABLE HP ELITE x360 1040 G9"},"content":{"rendered":"","protected":false},"excerpt":{"rendered":"<p><img decoding=\"async\" class=\"alignnone size-medium wp-image-7584\" src=\"https:\/\/integratel.ma\/wp-content\/uploads\/2023\/05\/HP_Business_Partner_iris_ma_SGM2I-300x141.png\" alt=\"\" width=\"300\" height=\"141\" \/><\/p>\n<p>Intel\u00ae Core\u2122 i7-1255U (jusqu&rsquo;\u00e0 4,7 GHz avec technologie Intel Turbo Boost, 12 Mo de cache, 10 c\u0153urs)<br \/>\nRAM: 16 GB de m\u00e9moire RAM DDR5-4800 MHz (int\u00e9gr\u00e9e)<br \/>\nDisque dur: SSD PCIe\u00ae NVMe\u2122 M.2 512 Go<br \/>\n\u00c9cran: Tactile WUXGA\u00a0de 35,6 cm (14 pouces) (1920 x 1200), IPS, antireflet, 1 000 nits, 100 % sRVB, filtre de confidentialit\u00e9 int\u00e9gr\u00e9 HP Sure View Reflect<br \/>\nCarte graphique: Intel\u00ae Iris\u00ae Xe<br \/>\nWindows 11 Professionnel 64<br \/>\nPoids: \u00c0 partir de 1,35 kg<\/p>\n","protected":false},"featured_media":9249,"comment_status":"open","ping_status":"closed","template":"","meta":[],"product_cat":[133],"product_tag":[],"class_list":{"0":"post-2737","1":"product","2":"type-product","3":"status-publish","4":"has-post-thumbnail","6":"product_cat-pc-portable","8":"first","9":"instock","10":"sale","11":"taxable","12":"shipping-taxable","13":"purchasable","14":"product-type-simple"},"_links":{"self":[{"href":"https:\/\/integratel.ma\/index.php\/wp-json\/wp\/v2\/product\/2737"}],"collection":[{"href":"https:\/\/integratel.ma\/index.php\/wp-json\/wp\/v2\/product"}],"about":[{"href":"https:\/\/integratel.ma\/index.php\/wp-json\/wp\/v2\/types\/product"}],"replies":[{"embeddable":true,"href":"https:\/\/integratel.ma\/index.php\/wp-json\/wp\/v2\/comments?post=2737"}],"wp:featuredmedia":[{"embeddable":true,"href":"https:\/\/integratel.ma\/index.php\/wp-json\/wp\/v2\/media\/9249"}],"wp:attachment":[{"href":"https:\/\/integratel.ma\/index.php\/wp-json\/wp\/v2\/media?parent=2737"}],"wp:term":[{"taxonomy":"product_cat","embeddable":true,"href":"https:\/\/integratel.ma\/index.php\/wp-json\/wp\/v2\/product_cat?post=2737"},{"taxonomy":"product_tag","embeddable":true,"href":"https:\/\/integratel.ma\/index.php\/wp-json\/wp\/v2\/product_tag?post=2737"}],"curies":[{"name":"wp","href":"https:\/\/api.w.org\/{rel}","templated":true}]}}