{"id":10573,"date":"2024-02-26T14:19:55","date_gmt":"2024-02-26T13:19:55","guid":{"rendered":"https:\/\/integratel.ma\/index.php\/product\/epson-tm-u295\/"},"modified":"2024-03-04T15:28:49","modified_gmt":"2024-03-04T14:28:49","slug":"epson-tm-u295","status":"publish","type":"product","link":"https:\/\/integratel.ma\/index.php\/product\/epson-tm-u295\/","title":{"rendered":"EPSON TM-U295"},"content":{"rendered":"<p>Informations produit fournies par le fabricant<br \/>\nTM-U295 s\u00e9rie noire<br \/>\nUne imprimante \u00e0 plat compacte et polyvalente id\u00e9ale pour les impressions de ch\u00e8ques et facturettes<br \/>\n<img decoding=\"async\" src=\"https:\/\/cdn.cnetcontent.com\/syndication\/feeds\/epson\/inline-content\/device_rsd\/9\/3\/9344D68971482701E6B7425703EA74805AA53DF7_hero.jpg\" alt=\"TM-U295 s\u00e9rie noire\" style=\"visibility:visible\"\/><br \/>\nGalerie<br \/>\n<img decoding=\"async\" src=\"https:\/\/cdn.cnetcontent.com\/syndication\/feeds\/epson\/inline-content\/device_rsd\/9\/3\/9344D68971482701E6B7425703EA74805AA53DF7_gallery.jpg\" alt=\"diapositive 1 sur 1,agrandir l&#x27;image, tm-u295 s\u00e9rie noire\"\/><br \/>\n<img decoding=\"async\" src=\"https:\/\/cdn.cnetcontent.com\/syndication\/feeds\/epson\/inline-content\/device_rsd\/7\/E\/7EDE68DE8853F9E8D0456B834D28900DCF7B1F30_logo.PNG\" alt=\"BS ASB\"\/><br \/>\nSp\u00e9cifications<br \/>\nType d&rsquo;impression<br \/>\nM\u00e9thode d\u2019impression<br \/>\nMatricielle \u00e0 impact, avec t\u00eate navette \u00e0 7 aiguilles<br \/>\nTechnologie<br \/>\nImprimante \u00e0 aiguilles<br \/>\nPolices et styles<br \/>\nVitesse d\u2019impression<br \/>\n1,90\u00a0~\u00a02,30\u00a0lps<br \/>\nCapacit\u00e9 de colonnes \u00ab slip \u00bb<br \/>\n35\u00a0cps \/ 42\u00a0cps<br \/>\nHauteur de caract\u00e8res<br \/>\n1,6\u00a0mm\u00a0(L) x 2,9\u00a0mm\u00a0(H) \/ 1,3\u00a0mm\u00a0(L) x 2,9\u00a0mm\u00a0(H)<br \/>\nJeu de caract\u00e8res<br \/>\n95 alphanum\u00e9rique, 32 International, 128 x 4 graphique<br \/>\nCaract\u00e8res par pouce<br \/>\n13,5\u00a0cpp \/ 16,2\u00a0cpp<br \/>\nImpression couleur<br \/>\nMonochrome<br \/>\nPapier<br \/>\nTypes de papier<br \/>\nPi\u00e8ce justificative<br \/>\nAptitude \u00e0 la copie (\u00ab slip \u00bb)<br \/>\ndeux\u00a0copies plus un original<br \/>\nFormat du papier \u00ab\u00a0slip\u00a0\u00bb<br \/>\n80\u00a0&#8211;\u00a0182\u00a0mm\u00a0(L)\u00a0x 69\u00a0&#8211;\u00a0257\u00a0mm\u00a0(H)<br \/>\nInterfaces<br \/>\nConnexions<br \/>\nRS-232, Ouverture du tiroir<br \/>\nm\u00e9moire tampon<br \/>\nM\u00e9moire tampon de donn\u00e9es<br \/>\n512\u00a0octets\u00a0ou\u00a035\u00a0octets<br \/>\nAlimentation<br \/>\nBloc d&rsquo;alimentation<br \/>\nPS-180 (option)<br \/>\nInformations g\u00e9n\u00e9rales<br \/>\nDimensions du produit<br \/>\n180?\u00a0x\u00a0191\u00a0x\u00a0102\u00a0mm\u00a0(Largeur x Profondeur x Hauteur)<br \/>\nPoids du produit<br \/>\n1,6\u00a0kg<br \/>\nCouleur<br \/>\nEpson Dark Grey<br \/>\nInstallation<br \/>\nHorizontal<br \/>\nConnecteur multibroches<br \/>\nFonction D.K.D. (2 pilotes)<br \/>\nPuissance sonore<br \/>\nFonctionnement :\u00a065\u00a0dB(A)<br \/>\nHumidit\u00e9 de l\u2019air<br \/>\nfonctionnement\u00a030% &#8211; 85%, Stockage\u00a030% &#8211; 90%<br \/>\nTemp\u00e9rature<br \/>\nfonctionnement\u00a05\u00b0C &#8211; 40\u00b0C, Stockage\u00a0-10\u00b0C &#8211; 50\u00b0C<br \/>\nFiabilit\u00e9<br \/>\nFiabilit\u00e9<br \/>\n7.000.000\u00a0Volume moyen d&rsquo;impression (Lignes), 180.000\u00a0Temps moyen de bon fonctionnement (Heures)<br \/>\nLong\u00e9vit\u00e9 de l\u2019imprimante<br \/>\n3.000.000\u00a0Lignes<br \/>\nRuban couleur, dur\u00e9e de vie<br \/>\n1.000.000\u00a0caract\u00e8res<br \/>\nLong\u00e9vit\u00e9 de la t\u00eate d\u2019impression<br \/>\n150\u00a0million(s) de caract\u00e8res<br \/>\nRespect des normes<br \/>\nNormes EMC<br \/>\nMarquage CE<br \/>\nNormes de s\u00e9curit\u00e9<br \/>\nT\u00dcV<br \/>\nAutres param\u00e8tres :<br \/>\nCapteurs<br \/>\nTop of Form sensor, Bottom of Form sensor (d\u00e9tecteur de bas de formulaire)<br \/>\nContenu du carton<br \/>\nContenu de la Bo\u00eete<br \/>\nAppareil principal, Ruban, Instructions d\u2019utilisation<br \/>\nAutre<br \/>\nGarantie<br \/>\n12\u00a0Mois\u00a0retour atelier<br \/>\nContenu de l&#8217;emballage<br \/>\nAppareil principal<br \/>\nInstructions d\u2019utilisation<br \/>\nRuban<br \/>\nDocuments<br \/>\n<img decoding=\"async\" src=\"https:\/\/cdn.cnetcontent.com\/syndication\/feeds\/epson\/inline-content\/device_rsd\/8\/F\/8F4C7084E15956879F016C2AEA292529FCD3B9C2_doctn.png\" alt=\"Brochure\"\/><br \/>\nBrochure<br \/>\nGalerie<br \/>\n<img decoding=\"async\" src=\"data:image\/gif;base64,\" alt=\"Diapositive {0} sur {1},zoom avant, TM-U295 s\u00e9rie noire\" data-lazy=\"https:\/\/cdn.cnetcontent.com\/syndication\/feeds\/epson\/inline-content\/device_rsd\/9\/3\/9344D68971482701E6B7425703EA74805AA53DF7_gallerytn.jpg\"\/><br \/>\nCaract\u00e9ristiques<br \/>\n<img decoding=\"async\" src=\"https:\/\/cdn.cnetcontent.com\/syndication\/feeds\/epson\/inline-content\/device_rsd\/7\/E\/7EDE68DE8853F9E8D0456B834D28900DCF7B1F30_logo.PNG\" alt=\"BS ASB\"\/><br \/>\nSp\u00e9cifications<br \/>\nType d&rsquo;impression<br \/>\nM\u00e9thode d\u2019impression<br \/>\nMatricielle \u00e0 impact, avec t\u00eate navette \u00e0 7 aiguilles<br \/>\nTechnologie<br \/>\nImprimante \u00e0 aiguilles<br \/>\nPolices et styles<br \/>\nVitesse d\u2019impression<br \/>\n1,90\u00a0~\u00a02,30\u00a0lps<br \/>\nCapacit\u00e9 de colonnes \u00ab slip \u00bb<br \/>\n35\u00a0cps \/ 42\u00a0cps<br \/>\nHauteur de caract\u00e8res<br \/>\n1,6\u00a0mm\u00a0(L) x 2,9\u00a0mm\u00a0(H) \/ 1,3\u00a0mm\u00a0(L) x 2,9\u00a0mm\u00a0(H)<br \/>\nJeu de caract\u00e8res<br \/>\n95 alphanum\u00e9rique, 32 International, 128 x 4 graphique<br \/>\nCaract\u00e8res par pouce<br \/>\n13,5\u00a0cpp \/ 16,2\u00a0cpp<br \/>\nImpression couleur<br \/>\nMonochrome<br \/>\nPapier<br \/>\nTypes de papier<br \/>\nPi\u00e8ce justificative<br \/>\nAptitude \u00e0 la copie (\u00ab slip \u00bb)<br \/>\ndeux\u00a0copies plus un original<br \/>\nFormat du papier \u00ab\u00a0slip\u00a0\u00bb<br \/>\n80\u00a0&#8211;\u00a0182\u00a0mm\u00a0(L)\u00a0x 69\u00a0&#8211;\u00a0257\u00a0mm\u00a0(H)<br \/>\nInterfaces<br \/>\nConnexions<br \/>\nRS-232, Ouverture du tiroir<br \/>\nm\u00e9moire tampon<br \/>\nM\u00e9moire tampon de donn\u00e9es<br \/>\n512\u00a0octets\u00a0ou\u00a035\u00a0octets<br \/>\nAlimentation<br \/>\nBloc d&rsquo;alimentation<br \/>\nPS-180 (option)<br \/>\nInformations g\u00e9n\u00e9rales<br \/>\nDimensions du produit<br \/>\n180?\u00a0x\u00a0191\u00a0x\u00a0102\u00a0mm\u00a0(Largeur x Profondeur x Hauteur)<br \/>\nPoids du produit<br \/>\n1,6\u00a0kg<br \/>\nCouleur<br \/>\nEpson Dark Grey<br \/>\nInstallation<br \/>\nHorizontal<br \/>\nConnecteur multibroches<br \/>\nFonction D.K.D. (2 pilotes)<br \/>\nPuissance sonore<br \/>\nFonctionnement :\u00a065\u00a0dB(A)<br \/>\nHumidit\u00e9 de l\u2019air<br \/>\nfonctionnement\u00a030% &#8211; 85%, Stockage\u00a030% &#8211; 90%<br \/>\nTemp\u00e9rature<br \/>\nfonctionnement\u00a05\u00b0C &#8211; 40\u00b0C, Stockage\u00a0-10\u00b0C &#8211; 50\u00b0C<br \/>\nFiabilit\u00e9<br \/>\nFiabilit\u00e9<br \/>\n7.000.000\u00a0Volume moyen d&rsquo;impression (Lignes), 180.000\u00a0Temps moyen de bon fonctionnement (Heures)<br \/>\nLong\u00e9vit\u00e9 de l\u2019imprimante<br \/>\n3.000.000\u00a0Lignes<br \/>\nRuban couleur, dur\u00e9e de vie<br \/>\n1.000.000\u00a0caract\u00e8res<br \/>\nLong\u00e9vit\u00e9 de la t\u00eate d\u2019impression<br \/>\n150\u00a0million(s) de caract\u00e8res<br \/>\nRespect des normes<br \/>\nNormes EMC<br \/>\nMarquage CE<br \/>\nNormes de s\u00e9curit\u00e9<br \/>\nT\u00dcV<br \/>\nAutres param\u00e8tres :<br \/>\nCapteurs<br \/>\nTop of Form sensor, Bottom of Form sensor (d\u00e9tecteur de bas de formulaire)<br \/>\nContenu du carton<br \/>\nContenu de la Bo\u00eete<br \/>\nAppareil principal, Ruban, Instructions d\u2019utilisation<br \/>\nAutre<br \/>\nGarantie<br \/>\n12\u00a0Mois\u00a0retour atelier<br \/>\nDocuments<br \/>\n<img decoding=\"async\" src=\"https:\/\/cdn.cnetcontent.com\/syndication\/feeds\/epson\/inline-content\/device_rsd\/8\/F\/8F4C7084E15956879F016C2AEA292529FCD3B9C2_doctn.png\" alt=\"Brochure\"\/><br \/>\nBrochure<br \/>\nvar ccs_cc_args = ccs_cc_args || [];<br \/>\nccs_cc_args.push([&lsquo;cpn&rsquo;, &lsquo;CPN&rsquo;]);<br \/>\nccs_cc_args.push([&lsquo;mf&rsquo;, &lsquo;EPSON&rsquo;]);<br \/>\nccs_cc_args.push([&lsquo;pn&rsquo;, &lsquo;C31C163292&rsquo;]);<br \/>\nccs_cc_args.push([&lsquo;upcean&rsquo;, &lsquo;UPC_EAN_CODE&rsquo;]);<br \/>\nccs_cc_args.push([&lsquo;ccid&rsquo;, &lsquo;CATALOG_CODE&rsquo;]);<br \/>\nccs_cc_args.push([&lsquo;lang&rsquo;, &lsquo;fr&rsquo;]);<br \/>\nccs_cc_args.push([&lsquo;market&rsquo;, &lsquo;MARKET&rsquo;]);<br \/>\n(function() {<br \/>\nvar o = ccs_cc_args; o.push([&lsquo;_SKey&rsquo;, &rsquo;47e36b1d&rsquo;]); o.push([&lsquo;_ZoneId&rsquo;, &rsquo;73cf871046&prime;]);<br \/>\nvar sc = document.createElement(&lsquo;script&rsquo;); sc.type = &lsquo;text\/javascript&rsquo;;<br \/>\nsc.async = true;<br \/>\nsc.src = (&lsquo;https:&rsquo; == document.location.protocol ? &lsquo;https:\/\/&rsquo; : &lsquo;http:\/\/&rsquo;) + &lsquo;cdn.cnetcontent.com\/jsc\/h.js&rsquo;;<br \/>\nvar n = document.getElementsByTagName(&lsquo;script&rsquo;)[0]; n.parentNode.insertBefore(sc, n);<br \/>\n})();<\/p>\n","protected":false},"excerpt":{"rendered":"<p>Informations produit fournies par le fabricant TM-U295 s\u00e9rie noire Une imprimante \u00e0 plat compacte et polyvalente id\u00e9ale pour les impressions de ch\u00e8ques et facturettes Galerie Sp\u00e9cifications Type d&rsquo;impression M\u00e9thode d\u2019impression Matricielle \u00e0 impact, avec t\u00eate navette \u00e0 7 aiguilles Technologie Imprimante \u00e0 aiguilles Polices et styles Vitesse d\u2019impression 1,90\u00a0~\u00a02,30\u00a0lps Capacit\u00e9 de colonnes \u00ab slip \u00bb<\/p>\n<div class=\"klb-readmore entry-button\"><a class=\"btn link\" href=\"https:\/\/integratel.ma\/index.php\/product\/epson-tm-u295\/\">Read More <i class=\"klbth-icon-right-arrow\"><\/i><\/a><\/div>\n","protected":false},"featured_media":10572,"comment_status":"open","ping_status":"closed","template":"","meta":[],"product_cat":[15],"product_tag":[],"class_list":{"0":"post-10573","1":"product","2":"type-product","3":"status-publish","4":"has-post-thumbnail","6":"product_cat-non-classe","8":"first","9":"instock","10":"sale","11":"taxable","12":"shipping-taxable","13":"purchasable","14":"product-type-simple"},"_links":{"self":[{"href":"https:\/\/integratel.ma\/index.php\/wp-json\/wp\/v2\/product\/10573"}],"collection":[{"href":"https:\/\/integratel.ma\/index.php\/wp-json\/wp\/v2\/product"}],"about":[{"href":"https:\/\/integratel.ma\/index.php\/wp-json\/wp\/v2\/types\/product"}],"replies":[{"embeddable":true,"href":"https:\/\/integratel.ma\/index.php\/wp-json\/wp\/v2\/comments?post=10573"}],"wp:featuredmedia":[{"embeddable":true,"href":"https:\/\/integratel.ma\/index.php\/wp-json\/wp\/v2\/media\/10572"}],"wp:attachment":[{"href":"https:\/\/integratel.ma\/index.php\/wp-json\/wp\/v2\/media?parent=10573"}],"wp:term":[{"taxonomy":"product_cat","embeddable":true,"href":"https:\/\/integratel.ma\/index.php\/wp-json\/wp\/v2\/product_cat?post=10573"},{"taxonomy":"product_tag","embeddable":true,"href":"https:\/\/integratel.ma\/index.php\/wp-json\/wp\/v2\/product_tag?post=10573"}],"curies":[{"name":"wp","href":"https:\/\/api.w.org\/{rel}","templated":true}]}}