{"id":10324,"date":"2024-02-16T11:40:25","date_gmt":"2024-02-16T10:40:25","guid":{"rendered":"https:\/\/integratel.ma\/?post_type=product&#038;p=10324"},"modified":"2024-03-04T15:33:12","modified_gmt":"2024-03-04T14:33:12","slug":"serveur-rack-dell-poweredge-r750xs-chassis","status":"publish","type":"product","link":"https:\/\/integratel.ma\/index.php\/product\/serveur-rack-dell-poweredge-r750xs-chassis\/","title":{"rendered":"Dell R750XS, Intel Xeon Silver 1&#215;4310,1x32GB,2&#215;480 SSD,2xBase-T,2x1100WTitanium,IDR EISE,Pro sup 36M"},"content":{"rendered":"","protected":false},"excerpt":{"rendered":"<p><img decoding=\"async\" class=\"alignnone size-full wp-image-6620\" src=\"https:\/\/integratel.ma\/wp-content\/uploads\/2023\/05\/dell-e1686739054625.jpeg\" alt=\"\" width=\"110\" height=\"110\" srcset=\"https:\/\/integratel.ma\/wp-content\/uploads\/2023\/05\/dell-e1686739054625.jpeg 110w, https:\/\/integratel.ma\/wp-content\/uploads\/2023\/05\/dell-e1686739054625-60x60.jpeg 60w, https:\/\/integratel.ma\/wp-content\/uploads\/2023\/05\/dell-e1686739054625-90x90.jpeg 90w, https:\/\/integratel.ma\/wp-content\/uploads\/2023\/05\/dell-e1686739054625-54x54.jpeg 54w, https:\/\/integratel.ma\/wp-content\/uploads\/2023\/05\/dell-e1686739054625-64x64.jpeg 64w\" sizes=\"(max-width: 110px) 100vw, 110px\" \/><\/p>\n<p>Le Serveur Rack\u00a0Dell\u00a0PowerEdge R750XS\/Chassis offre des performances puissantes pour les entreprises exigeantes. Avec le processeur Intel Xeon Silver 4310, 32GB de m\u00e9moire, et le contr\u00f4leur de stockage PERC H755, ce serveur garantit une gestion optimale des donn\u00e9es et des applications. La baie de disques 2.5&Prime; peut accueillir jusqu&rsquo;\u00e0 16 disques durs pour un stockage \u00e9volutif. L&rsquo;iDRAC9 int\u00e9gr\u00e9 facilite la gestion \u00e0 distance. B\u00e9n\u00e9ficiez \u00e9galement de la fiabilit\u00e9 des alimentations redondantes et du support PRO de 3 ans. Id\u00e9al pour les t\u00e2ches intensives et les applications critiques.<\/p>\n","protected":false},"featured_media":11079,"comment_status":"open","ping_status":"closed","template":"","meta":[],"product_cat":[388],"product_tag":[],"class_list":{"0":"post-10324","1":"product","2":"type-product","3":"status-publish","4":"has-post-thumbnail","6":"product_cat-rack","8":"first","9":"instock","10":"sale","11":"taxable","12":"shipping-taxable","13":"purchasable","14":"product-type-simple"},"_links":{"self":[{"href":"https:\/\/integratel.ma\/index.php\/wp-json\/wp\/v2\/product\/10324"}],"collection":[{"href":"https:\/\/integratel.ma\/index.php\/wp-json\/wp\/v2\/product"}],"about":[{"href":"https:\/\/integratel.ma\/index.php\/wp-json\/wp\/v2\/types\/product"}],"replies":[{"embeddable":true,"href":"https:\/\/integratel.ma\/index.php\/wp-json\/wp\/v2\/comments?post=10324"}],"wp:featuredmedia":[{"embeddable":true,"href":"https:\/\/integratel.ma\/index.php\/wp-json\/wp\/v2\/media\/11079"}],"wp:attachment":[{"href":"https:\/\/integratel.ma\/index.php\/wp-json\/wp\/v2\/media?parent=10324"}],"wp:term":[{"taxonomy":"product_cat","embeddable":true,"href":"https:\/\/integratel.ma\/index.php\/wp-json\/wp\/v2\/product_cat?post=10324"},{"taxonomy":"product_tag","embeddable":true,"href":"https:\/\/integratel.ma\/index.php\/wp-json\/wp\/v2\/product_tag?post=10324"}],"curies":[{"name":"wp","href":"https:\/\/api.w.org\/{rel}","templated":true}]}}