{"id":6951,"date":"2023-05-23T12:02:49","date_gmt":"2023-05-23T11:02:49","guid":{"rendered":"https:\/\/integratel.ma\/?page_id=6951"},"modified":"2024-01-31T12:00:12","modified_gmt":"2024-01-31T11:00:12","slug":"services-entreprise","status":"publish","type":"page","link":"https:\/\/integratel.ma\/index.php\/services-entreprise\/","title":{"rendered":"Services Entreprise"},"content":{"rendered":"\t\t<div data-elementor-type=\"wp-page\" data-elementor-id=\"6951\" class=\"elementor elementor-6951\">\n\t\t\t\t\t\t<section class=\"elementor-section elementor-top-section elementor-element elementor-element-4a4237a elementor-section-boxed elementor-section-height-default elementor-section-height-default\" data-id=\"4a4237a\" data-element_type=\"section\">\n\t\t\t\t\t\t<div class=\"elementor-container elementor-column-gap-default\">\n\t\t\t\t\t<div class=\"elementor-column elementor-col-100 elementor-top-column elementor-element elementor-element-1b12b8c\" data-id=\"1b12b8c\" data-element_type=\"column\">\n\t\t\t<div class=\"elementor-widget-wrap elementor-element-populated\">\n\t\t\t\t\t\t<section class=\"elementor-section elementor-inner-section elementor-element elementor-element-6ad5c6d elementor-section-boxed elementor-section-height-default elementor-section-height-default\" data-id=\"6ad5c6d\" data-element_type=\"section\">\n\t\t\t\t\t\t<div class=\"elementor-container elementor-column-gap-default\">\n\t\t\t\t\t<div class=\"elementor-column elementor-col-50 elementor-inner-column elementor-element elementor-element-1d2adcd\" data-id=\"1d2adcd\" data-element_type=\"column\">\n\t\t\t<div class=\"elementor-widget-wrap elementor-element-populated\">\n\t\t\t\t\t\t<div class=\"elementor-element elementor-element-7d43776 elementor-widget elementor-widget-text-editor\" data-id=\"7d43776\" data-element_type=\"widget\" data-widget_type=\"text-editor.default\">\n\t\t\t\t<div class=\"elementor-widget-container\">\n\t\t\t<style>\/*! elementor - v3.19.0 - 07-02-2024 *\/\n.elementor-widget-text-editor.elementor-drop-cap-view-stacked .elementor-drop-cap{background-color:#69727d;color:#fff}.elementor-widget-text-editor.elementor-drop-cap-view-framed .elementor-drop-cap{color:#69727d;border:3px solid;background-color:transparent}.elementor-widget-text-editor:not(.elementor-drop-cap-view-default) .elementor-drop-cap{margin-top:8px}.elementor-widget-text-editor:not(.elementor-drop-cap-view-default) .elementor-drop-cap-letter{width:1em;height:1em}.elementor-widget-text-editor .elementor-drop-cap{float:left;text-align:center;line-height:1;font-size:50px}.elementor-widget-text-editor .elementor-drop-cap-letter{display:inline-block}<\/style>\t\t\t\t<p><strong>T\u00e9l\u00e9phonie IP \/ Analogique<\/strong><\/p><p>La communication t\u00e9l\u00e9phonique constitue le pilier fondamental de notre entreprise. Chez INTEGRATEL, nous vous guidons \u00e0 travers l&rsquo;analyse approfondie et la mise en place de solutions t\u00e9l\u00e9phoniques (classiques\/VoIP) parfaitement adapt\u00e9es \u00e0 la structure de votre organisation.<\/p><p>Que vous soyez une PME, un centre d&rsquo;appels, un h\u00f4tel, un \u00e9tablissement public, que vous ayez besoin d&rsquo;un poste ou de mille postes t\u00e9l\u00e9phoniques, INTEGRATEL vous offre une solution flexible et \u00e9volutive tout en optimisant vos co\u00fbts. Notre engagement est de vous fournir une r\u00e9ponse sur mesure qui s&rsquo;ajuste \u00e0 la taille de votre entreprise, vous permettant ainsi de b\u00e9n\u00e9ficier d&rsquo;une communication efficace et efficiente.<\/p>\t\t\t\t\t\t<\/div>\n\t\t\t\t<\/div>\n\t\t\t\t\t<\/div>\n\t\t<\/div>\n\t\t\t\t<div class=\"elementor-column elementor-col-50 elementor-inner-column elementor-element elementor-element-2e1de52\" data-id=\"2e1de52\" data-element_type=\"column\">\n\t\t\t<div class=\"elementor-widget-wrap elementor-element-populated\">\n\t\t\t\t\t\t<div class=\"elementor-element elementor-element-f2bc168 elementor-widget elementor-widget-text-editor\" data-id=\"f2bc168\" data-element_type=\"widget\" data-widget_type=\"text-editor.default\">\n\t\t\t\t<div class=\"elementor-widget-container\">\n\t\t\t\t\t\t\t<p><strong>T\u00e9l\u00e9phonie IP \/ Analogique<\/strong><\/p><p>Que vous \u00e9voluiez dans l&rsquo;h\u00f4tellerie, la restauration, les transports, la logistique, l&rsquo;industrie, le tertiaire, ou tout autre secteur d&rsquo;activit\u00e9, INTEGRATEL vous offre des solutions de vid\u00e9osurveillance personnalis\u00e9es pour r\u00e9pondre de mani\u00e8re optimale \u00e0 l&rsquo;ensemble de vos exigences.<\/p>\t\t\t\t\t\t<\/div>\n\t\t\t\t<\/div>\n\t\t\t\t\t<\/div>\n\t\t<\/div>\n\t\t\t\t\t<\/div>\n\t\t<\/section>\n\t\t\t\t<section class=\"elementor-section elementor-inner-section elementor-element elementor-element-dd8725d elementor-section-boxed elementor-section-height-default elementor-section-height-default\" data-id=\"dd8725d\" data-element_type=\"section\">\n\t\t\t\t\t\t<div class=\"elementor-container elementor-column-gap-default\">\n\t\t\t\t\t<div class=\"elementor-column elementor-col-50 elementor-inner-column elementor-element elementor-element-96c5ec3\" data-id=\"96c5ec3\" data-element_type=\"column\">\n\t\t\t<div class=\"elementor-widget-wrap elementor-element-populated\">\n\t\t\t\t\t\t<div class=\"elementor-element elementor-element-7dad326 elementor-widget elementor-widget-text-editor\" data-id=\"7dad326\" data-element_type=\"widget\" data-widget_type=\"text-editor.default\">\n\t\t\t\t<div class=\"elementor-widget-container\">\n\t\t\t\t\t\t\t<p><strong>G\u00e9olocalisation, Gestion de Flotte<\/strong><\/p><p>INTEGRATEL offre \u00e0 sa client\u00e8le une assistance approfondie pour analyser leurs besoins en tra\u00e7abilit\u00e9, puis propose des solutions sur mesure adapt\u00e9es \u00e0 leur secteur d&rsquo;activit\u00e9.<\/p><p>Le d\u00e9ploiement complet de la solution par INTEGRATEL englobe l&rsquo;infrastructure, la plateforme, les terminaux fixes ou mobiles, ainsi que les abonnements op\u00e9rateur, le tout accompagn\u00e9 de garanties d&rsquo;efficacit\u00e9 et de p\u00e9rennit\u00e9.<\/p>\t\t\t\t\t\t<\/div>\n\t\t\t\t<\/div>\n\t\t\t\t\t<\/div>\n\t\t<\/div>\n\t\t\t\t<div class=\"elementor-column elementor-col-50 elementor-inner-column elementor-element elementor-element-86c7b0d\" data-id=\"86c7b0d\" data-element_type=\"column\">\n\t\t\t<div class=\"elementor-widget-wrap elementor-element-populated\">\n\t\t\t\t\t\t<div class=\"elementor-element elementor-element-b952048 elementor-widget elementor-widget-text-editor\" data-id=\"b952048\" data-element_type=\"widget\" data-widget_type=\"text-editor.default\">\n\t\t\t\t<div class=\"elementor-widget-container\">\n\t\t\t\t\t\t\t<p><strong>C\u00e2blage voix et data<\/strong><\/p><p>En tant que sp\u00e9cialiste des solutions r\u00e9seau, INTEGRATEL vous offre un accompagnement exhaustif, couvrant l&rsquo;ensemble du processus, de l&rsquo;\u00e9tude des besoins \u00e0 la concr\u00e9tisation d&rsquo;un syst\u00e8me de c\u00e2blage structur\u00e9. Ce dernier se distingue par son niveau de performance \u00e9lev\u00e9, son caract\u00e8re \u00e9volutif, et son int\u00e9gration compl\u00e8te des exigences de communication propres \u00e0 votre entreprise.<\/p>\t\t\t\t\t\t<\/div>\n\t\t\t\t<\/div>\n\t\t\t\t\t<\/div>\n\t\t<\/div>\n\t\t\t\t\t<\/div>\n\t\t<\/section>\n\t\t\t\t<section class=\"elementor-section elementor-inner-section elementor-element elementor-element-593060f elementor-section-boxed elementor-section-height-default elementor-section-height-default\" data-id=\"593060f\" data-element_type=\"section\">\n\t\t\t\t\t\t<div class=\"elementor-container elementor-column-gap-default\">\n\t\t\t\t\t<div class=\"elementor-column elementor-col-50 elementor-inner-column elementor-element elementor-element-44ec430\" data-id=\"44ec430\" data-element_type=\"column\">\n\t\t\t<div class=\"elementor-widget-wrap elementor-element-populated\">\n\t\t\t\t\t\t<div class=\"elementor-element elementor-element-e7ff13f elementor-widget elementor-widget-text-editor\" data-id=\"e7ff13f\" data-element_type=\"widget\" data-widget_type=\"text-editor.default\">\n\t\t\t\t<div class=\"elementor-widget-container\">\n\t\t\t\t\t\t\t<p><strong>Solutions LAN, Wifi<\/strong><\/p><p>INTEGRATEL met \u00e0 disposition des PME-PMI des solutions informatiques compl\u00e8tes. Nos \u00e9quipes interviennent \u00e0 chaque \u00e9tape, de la conception \u00e0 l&rsquo;installation, en passant par l&rsquo;administration, afin de fournir des solutions globales parfaitement adapt\u00e9es aux environnements et aux imp\u00e9ratifs sp\u00e9cifiques de votre secteur d&rsquo;activit\u00e9.<\/p>\t\t\t\t\t\t<\/div>\n\t\t\t\t<\/div>\n\t\t\t\t\t<\/div>\n\t\t<\/div>\n\t\t\t\t<div class=\"elementor-column elementor-col-50 elementor-inner-column elementor-element elementor-element-aea2681\" data-id=\"aea2681\" data-element_type=\"column\">\n\t\t\t<div class=\"elementor-widget-wrap elementor-element-populated\">\n\t\t\t\t\t\t<div class=\"elementor-element elementor-element-ee389f4 elementor-widget elementor-widget-text-editor\" data-id=\"ee389f4\" data-element_type=\"widget\" data-widget_type=\"text-editor.default\">\n\t\t\t\t<div class=\"elementor-widget-container\">\n\t\t\t\t\t\t\t<p><strong>Impression Badges \/ Etiquettes<\/strong><\/p><p>Nous offrons une vaste gamme d&rsquo;imprimantes de badges et d&rsquo;\u00e9tiquettes. Notre \u00e9quipe est pr\u00eate \u00e0 vous guider dans le processus d&rsquo;achat, \u00e0 former vos \u00e9quipes sur l&rsquo;utilisation efficace de nos produits, et \u00e0 assurer un service apr\u00e8s-vente de qualit\u00e9 optimale.<\/p>\t\t\t\t\t\t<\/div>\n\t\t\t\t<\/div>\n\t\t\t\t\t<\/div>\n\t\t<\/div>\n\t\t\t\t\t<\/div>\n\t\t<\/section>\n\t\t\t\t<section class=\"elementor-section elementor-inner-section elementor-element elementor-element-11ab181 elementor-section-boxed elementor-section-height-default elementor-section-height-default\" data-id=\"11ab181\" data-element_type=\"section\">\n\t\t\t\t\t\t<div class=\"elementor-container elementor-column-gap-default\">\n\t\t\t\t\t<div class=\"elementor-column elementor-col-50 elementor-inner-column elementor-element elementor-element-f112ea2\" data-id=\"f112ea2\" data-element_type=\"column\">\n\t\t\t<div class=\"elementor-widget-wrap elementor-element-populated\">\n\t\t\t\t\t\t<div class=\"elementor-element elementor-element-f960023 elementor-widget elementor-widget-text-editor\" data-id=\"f960023\" data-element_type=\"widget\" data-widget_type=\"text-editor.default\">\n\t\t\t\t<div class=\"elementor-widget-container\">\n\t\t\t\t\t\t\t<p><strong>Solutions Logicielles<\/strong><\/p><p>Nous fournissons et installons une gamme \u00e9tendue de logiciels, qu&rsquo;ils soient destin\u00e9s \u00e0 des configurations en r\u00e9seau ou en local. En outre, nous proposons des solutions logicielles sp\u00e9cifiquement adapt\u00e9es aux besoins vari\u00e9s des centres d&rsquo;appels, des salles de sport, des associations, des cabinets m\u00e9dicaux, des points de vente, et bien d&rsquo;autres secteurs. Notre expertise nous permet de personnaliser nos offres pour r\u00e9pondre de mani\u00e8re pr\u00e9cise aux exigences de chaque domaine d&rsquo;activit\u00e9.<\/p>\t\t\t\t\t\t<\/div>\n\t\t\t\t<\/div>\n\t\t\t\t\t<\/div>\n\t\t<\/div>\n\t\t\t\t<div class=\"elementor-column elementor-col-50 elementor-inner-column elementor-element elementor-element-6d91cec\" data-id=\"6d91cec\" data-element_type=\"column\">\n\t\t\t<div class=\"elementor-widget-wrap elementor-element-populated\">\n\t\t\t\t\t\t<div class=\"elementor-element elementor-element-17cfbb0 elementor-widget elementor-widget-text-editor\" data-id=\"17cfbb0\" data-element_type=\"widget\" data-widget_type=\"text-editor.default\">\n\t\t\t\t<div class=\"elementor-widget-container\">\n\t\t\t\t\t\t\t<p><strong>Lecteurs Code \u00e0 Barres, Informatique Mobile<\/strong><\/p><p>Nous mettons \u00e0 votre disposition une vaste s\u00e9lection de lecteurs, scanners et terminaux de codes \u00e0 barres, provenant de marques renomm\u00e9es telles que Motorola, HoneyWell, Opticon, Datalogic, et bien d&rsquo;autres. Notre gamme diversifi\u00e9e garantit des solutions adapt\u00e9es \u00e0 vos besoins en mati\u00e8re de capture et de gestion de donn\u00e9es, assurant ainsi une efficacit\u00e9 maximale dans vos op\u00e9rations.<\/p>\t\t\t\t\t\t<\/div>\n\t\t\t\t<\/div>\n\t\t\t\t\t<\/div>\n\t\t<\/div>\n\t\t\t\t\t<\/div>\n\t\t<\/section>\n\t\t\t\t<section class=\"elementor-section elementor-inner-section elementor-element elementor-element-33b86ba elementor-section-boxed elementor-section-height-default elementor-section-height-default\" data-id=\"33b86ba\" data-element_type=\"section\">\n\t\t\t\t\t\t<div class=\"elementor-container elementor-column-gap-default\">\n\t\t\t\t\t<div class=\"elementor-column elementor-col-50 elementor-inner-column elementor-element elementor-element-04cbe18\" data-id=\"04cbe18\" data-element_type=\"column\">\n\t\t\t<div class=\"elementor-widget-wrap elementor-element-populated\">\n\t\t\t\t\t\t<div class=\"elementor-element elementor-element-7b03429 elementor-widget elementor-widget-text-editor\" data-id=\"7b03429\" data-element_type=\"widget\" data-widget_type=\"text-editor.default\">\n\t\t\t\t<div class=\"elementor-widget-container\">\n\t\t\t\t\t\t\t<p><strong>Contr\u00f4le D\u2019acc\u00e8s<\/strong><\/p><p>Nos solutions de contr\u00f4le d&rsquo;acc\u00e8s sont compl\u00e8tes et modulables, s&rsquo;adaptant \u00e0 toute installation, qu&rsquo;elle soit de petite ou de grande envergure. Elles int\u00e8grent les technologies les plus r\u00e9centes et offrent un niveau \u00e9lev\u00e9 de s\u00e9curit\u00e9 gr\u00e2ce \u00e0 des modules dot\u00e9s de modes de communication sophistiqu\u00e9s conformes aux normes internationales en vigueur.<\/p><p>Avec une installation ais\u00e9e, une utilisation intuitive et une fiabilit\u00e9 \u00e0 100%, nos solutions garantissent une gestion efficace et s\u00e9curis\u00e9e des acc\u00e8s, r\u00e9pondant ainsi aux exigences les plus strictes de votre environnement.<\/p>\t\t\t\t\t\t<\/div>\n\t\t\t\t<\/div>\n\t\t\t\t\t<\/div>\n\t\t<\/div>\n\t\t\t\t<div class=\"elementor-column elementor-col-50 elementor-inner-column elementor-element elementor-element-433eae7\" data-id=\"433eae7\" data-element_type=\"column\">\n\t\t\t<div class=\"elementor-widget-wrap elementor-element-populated\">\n\t\t\t\t\t\t<div class=\"elementor-element elementor-element-82bf7f7 elementor-widget elementor-widget-text-editor\" data-id=\"82bf7f7\" data-element_type=\"widget\" data-widget_type=\"text-editor.default\">\n\t\t\t\t<div class=\"elementor-widget-container\">\n\t\t\t\t\t\t\t<p><strong>Infrastructure R\u00e9seau<\/strong><\/p><p>INTEGRATEL accompagne ses clients tout au long du processus d&rsquo;acquisition de leur r\u00e9seau en offrant une assistance et des conseils personnalis\u00e9s.<\/p><p>Nous proposons une gamme de mat\u00e9riel sur mesure, sp\u00e9cialement con\u00e7u pour r\u00e9pondre aux besoins sp\u00e9cifiques et au budget de chaque client. Cela inclut des serveurs, des switchs, des baies de stockage, des ordinateurs portables, des PC de bureau, des imprimantes, des copieurs, des vid\u00e9oprojecteurs, ainsi que des tableaux interactifs. Notre engagement est de fournir des solutions technologiques adapt\u00e9es qui r\u00e9pondent efficacement aux d\u00e9fis particuliers de votre entreprise.<\/p>\t\t\t\t\t\t<\/div>\n\t\t\t\t<\/div>\n\t\t\t\t\t<\/div>\n\t\t<\/div>\n\t\t\t\t\t<\/div>\n\t\t<\/section>\n\t\t\t\t<section class=\"elementor-section elementor-inner-section elementor-element elementor-element-9f1571c elementor-section-boxed elementor-section-height-default elementor-section-height-default\" data-id=\"9f1571c\" data-element_type=\"section\">\n\t\t\t\t\t\t<div class=\"elementor-container elementor-column-gap-default\">\n\t\t\t\t\t<div class=\"elementor-column elementor-col-50 elementor-inner-column elementor-element elementor-element-768ab4d\" data-id=\"768ab4d\" data-element_type=\"column\">\n\t\t\t<div class=\"elementor-widget-wrap elementor-element-populated\">\n\t\t\t\t\t\t<div class=\"elementor-element elementor-element-18ade1e elementor-widget elementor-widget-text-editor\" data-id=\"18ade1e\" data-element_type=\"widget\" data-widget_type=\"text-editor.default\">\n\t\t\t\t<div class=\"elementor-widget-container\">\n\t\t\t\t\t\t\t<p><strong>Pointage Biom\u00e9trique \/ Badge<\/strong><\/p><p>Nous avons la capacit\u00e9 de vous offrir des solutions de pointage, que ce soit par badges ou biom\u00e9triques, \u00e9volutives et durables. Ces solutions sont sp\u00e9cifiquement adapt\u00e9es \u00e0 la taille de votre structure, assurant ainsi une \u00e9volution harmonieuse et une p\u00e9rennit\u00e9 dans le suivi des pr\u00e9sences et des activit\u00e9s au sein de votre entreprise.<\/p>\t\t\t\t\t\t<\/div>\n\t\t\t\t<\/div>\n\t\t\t\t\t<\/div>\n\t\t<\/div>\n\t\t\t\t<div class=\"elementor-column elementor-col-50 elementor-inner-column elementor-element elementor-element-261ed69\" data-id=\"261ed69\" data-element_type=\"column\">\n\t\t\t<div class=\"elementor-widget-wrap elementor-element-populated\">\n\t\t\t\t\t\t<div class=\"elementor-element elementor-element-4d535ee elementor-widget elementor-widget-text-editor\" data-id=\"4d535ee\" data-element_type=\"widget\" data-widget_type=\"text-editor.default\">\n\t\t\t\t<div class=\"elementor-widget-container\">\n\t\t\t\t\t\t\t<p><strong>Solutions Audio \/ Video \/ Visioconf\u00e9rence<\/strong><\/p><p>Que ce soit pour des syst\u00e8mes, des infrastructures, des logiciels, des solutions h\u00e9berg\u00e9es ou les meilleurs accessoires compl\u00e9mentaires \u00e0 votre syst\u00e8me, nos produits fonctionnels sont con\u00e7us pour stimuler la productivit\u00e9 de votre entreprise.<\/p><p>Notre gamme comprend une vaste s\u00e9lection de marques et de mod\u00e8les, garantissant ainsi une vari\u00e9t\u00e9 de choix pour r\u00e9pondre pr\u00e9cis\u00e9ment \u00e0 vos besoins. Nous sommes d\u00e9termin\u00e9s \u00e0 fournir des solutions qui am\u00e9liorent l&rsquo;efficacit\u00e9 et les performances de votre entreprise, quelle que soit sa taille ou son secteur d&rsquo;activit\u00e9.<\/p>\t\t\t\t\t\t<\/div>\n\t\t\t\t<\/div>\n\t\t\t\t\t<\/div>\n\t\t<\/div>\n\t\t\t\t\t<\/div>\n\t\t<\/section>\n\t\t\t\t\t<\/div>\n\t\t<\/div>\n\t\t\t\t\t<\/div>\n\t\t<\/section>\n\t\t\t\t<\/div>\n\t\t","protected":false},"excerpt":{"rendered":"<p>T\u00e9l\u00e9phonie IP \/ Analogique La communication t\u00e9l\u00e9phonique constitue le pilier fondamental de notre entreprise. Chez INTEGRATEL, nous vous guidons \u00e0 travers l&rsquo;analyse approfondie et la mise en place de solutions t\u00e9l\u00e9phoniques (classiques\/VoIP) parfaitement adapt\u00e9es \u00e0 la structure de votre organisation. Que vous soyez une PME, un centre d&rsquo;appels, un h\u00f4tel, un \u00e9tablissement public, que vous<\/p>\n<div class=\"klb-readmore entry-button\"><a class=\"btn link\" href=\"https:\/\/integratel.ma\/index.php\/services-entreprise\/\">Read More <i class=\"klbth-icon-right-arrow\"><\/i><\/a><\/div>\n","protected":false},"author":1,"featured_media":0,"parent":0,"menu_order":0,"comment_status":"closed","ping_status":"closed","template":"","meta":{"footnotes":""},"class_list":["post-6951","page","type-page","status-publish","hentry"],"_links":{"self":[{"href":"https:\/\/integratel.ma\/index.php\/wp-json\/wp\/v2\/pages\/6951"}],"collection":[{"href":"https:\/\/integratel.ma\/index.php\/wp-json\/wp\/v2\/pages"}],"about":[{"href":"https:\/\/integratel.ma\/index.php\/wp-json\/wp\/v2\/types\/page"}],"author":[{"embeddable":true,"href":"https:\/\/integratel.ma\/index.php\/wp-json\/wp\/v2\/users\/1"}],"replies":[{"embeddable":true,"href":"https:\/\/integratel.ma\/index.php\/wp-json\/wp\/v2\/comments?post=6951"}],"version-history":[{"count":58,"href":"https:\/\/integratel.ma\/index.php\/wp-json\/wp\/v2\/pages\/6951\/revisions"}],"predecessor-version":[{"id":10222,"href":"https:\/\/integratel.ma\/index.php\/wp-json\/wp\/v2\/pages\/6951\/revisions\/10222"}],"wp:attachment":[{"href":"https:\/\/integratel.ma\/index.php\/wp-json\/wp\/v2\/media?parent=6951"}],"curies":[{"name":"wp","href":"https:\/\/api.w.org\/{rel}","templated":true}]}}